{"id":12,"date":"2016-11-07T04:06:54","date_gmt":"2016-11-07T03:06:54","guid":{"rendered":"http:\/\/www.chaletsbaiedusud.com\/?page_id=12"},"modified":"2024-02-20T15:45:28","modified_gmt":"2024-02-20T20:45:28","slug":"pourvoirie-reservoir-gouin-coordonnees-des-chalets-baie-du-sud","status":"publish","type":"page","link":"https:\/\/www.chaletsbaiedusud.com\/fr\/pourvoirie-reservoir-gouin-coordonnees-des-chalets-baie-du-sud\/","title":{"rendered":"Pourvoirie R\u00e9servoir Gouin &#8211; Coordonn\u00e9es des Chalets Baie du Sud"},"content":{"rendered":"<p><div class=\"fusion-fullwidth fullwidth-box fusion-builder-row-1 nonhundred-percent-fullwidth non-hundred-percent-height-scrolling fusion-equal-height-columns\" style=\"--awb-border-radius-top-left:0px;--awb-border-radius-top-right:0px;--awb-border-radius-bottom-right:0px;--awb-border-radius-bottom-left:0px;--awb-padding-top:0px;--awb-margin-top:5%;--awb-margin-bottom:2%;--awb-flex-wrap:wrap;\" ><div class=\"fusion-builder-row fusion-row\"><div class=\"fusion-layout-column fusion_builder_column fusion-builder-column-0 fusion_builder_column_1_2 1_2 fusion-one-half fusion-column-first\" style=\"--awb-bg-size:cover;width:50%;width:calc(50% - ( ( 8% ) * 0.5 ) );margin-right: 8%;\"><div class=\"fusion-column-wrapper fusion-flex-column-wrapper-legacy\"><div class=\"fusion-text fusion-text-1\"><h3>Pour r\u00e9server ou pour informations au R\u00e9servoir Gouin<\/h3>\n<\/div><div class=\"fusion-text fusion-text-2\"><p>Contactez-nous pour un s\u00e9jour agr\u00e9able en pleine nature pour la p\u00eache aux Dor\u00e9s et Brochets ou pour la chasse.<\/p>\n<p>La pourvoirie est situ\u00e9e \u00e0 environ 6h30 de Montr\u00e9al et Gatineau (via Mt-Laurier) et 6h30 de Qu\u00e9bec (via La Tuque).<\/p>\n<p>Vous acc\u00e9dez \u00e0 Parent via La Tuque ou Mont-Laurier.<\/p>\n<p>De Parent, prendre le chemin direction Clova. Au Km 63 vous devez prendre la fourche \u00e0 droite. Roulez 5,5 Km et vous arrivez \u00e0 l\u2019entr\u00e9e du chemin de la pourvoirie. Un dernier 5,6 Km et vous \u00eates arriv\u00e9s \u00e0 destination!!!<\/p>\n<p><strong>Coordonn\u00e9es GPS<\/strong>: 75\u00b0 7\u2032 25.46\u2033 48\u00b0 19\u2032 52.34\u2033 NW<\/p>\n<\/div><div class=\"fusion-sep-clear\"><\/div><div class=\"fusion-separator fusion-full-width-sep\" style=\"margin-left: auto;margin-right: auto;margin-top:30px;width:100%;\"><\/div><div class=\"fusion-sep-clear\"><\/div><div class=\"fusion-text fusion-text-3\"><h3>R\u00e9servez d\u00e8s aujourd\u2019hui !<\/h3>\n<\/div>\n<div class=\"wpcf7 no-js\" id=\"wpcf7-f5-o1\" lang=\"fr-FR\" dir=\"ltr\" data-wpcf7-id=\"5\">\n<div class=\"screen-reader-response\"><p role=\"status\" aria-live=\"polite\" aria-atomic=\"true\"><\/p> <ul><\/ul><\/div>\n<form action=\"\/fr\/wp-json\/wp\/v2\/pages\/12#wpcf7-f5-o1\" method=\"post\" class=\"wpcf7-form init\" aria-label=\"Formulaire de contact\" novalidate=\"novalidate\" data-status=\"init\">\n<fieldset class=\"hidden-fields-container\"><input type=\"hidden\" name=\"_wpcf7\" value=\"5\" \/><input type=\"hidden\" name=\"_wpcf7_version\" value=\"6.1.5\" \/><input type=\"hidden\" name=\"_wpcf7_locale\" value=\"fr_FR\" \/><input type=\"hidden\" name=\"_wpcf7_unit_tag\" value=\"wpcf7-f5-o1\" \/><input type=\"hidden\" name=\"_wpcf7_container_post\" value=\"0\" \/><input type=\"hidden\" name=\"_wpcf7_posted_data_hash\" value=\"\" \/><input type=\"hidden\" name=\"_wpcf7_recaptcha_response\" value=\"\" \/>\n<\/fieldset>\n<p><label>&nbsp; <span class=\"wpcf7-form-control-wrap\" data-name=\"your-name\"><input size=\"40\" maxlength=\"400\" class=\"wpcf7-form-control wpcf7-text wpcf7-validates-as-required\" aria-required=\"true\" aria-invalid=\"false\" placeholder=\"Votre nom (obligatoire)\" value=\"\" type=\"text\" name=\"your-name\" \/><\/span> <\/label><br \/>\n<label>&nbsp;<span class=\"wpcf7-form-control-wrap\" data-name=\"your-email\"><input size=\"40\" maxlength=\"400\" class=\"wpcf7-form-control wpcf7-email wpcf7-validates-as-required wpcf7-text wpcf7-validates-as-email\" aria-required=\"true\" aria-invalid=\"false\" placeholder=\"Votre adresse de messagerie (obligatoire)\" value=\"\" type=\"email\" name=\"your-email\" \/><\/span><\/label><br \/>\n<label>&nbsp;<span class=\"wpcf7-form-control-wrap\" data-name=\"your-message\"><textarea cols=\"40\" rows=\"10\" maxlength=\"2000\" class=\"wpcf7-form-control wpcf7-textarea\" aria-invalid=\"false\" placeholder=\"Votre message\" name=\"your-message\"><\/textarea><\/span> <\/label>\n<\/p>\n<p><input class=\"wpcf7-form-control wpcf7-submit has-spinner\" type=\"submit\" value=\"Envoyer\" \/>\n<\/p><div class=\"fusion-alert alert custom alert-custom fusion-alert-center wpcf7-response-output fusion-alert-capitalize awb-alert-native-link-color alert-dismissable awb-alert-close-boxed\" style=\"--awb-border-top-left-radius:0px;--awb-border-top-right-radius:0px;--awb-border-bottom-left-radius:0px;--awb-border-bottom-right-radius:0px;\" role=\"alert\"><div class=\"fusion-alert-content-wrapper\"><span class=\"fusion-alert-content\"><\/span><\/div><button type=\"button\" class=\"close toggle-alert\" data-dismiss=\"alert\" aria-label=\"Close\">&times;<\/button><\/div>\n<\/form>\n<\/div>\n<div class=\"fusion-clearfix\"><\/div><\/div><\/div><div class=\"fusion-layout-column fusion_builder_column fusion-builder-column-1 fusion_builder_column_1_2 1_2 fusion-one-half fusion-column-last\" style=\"--awb-bg-size:cover;width:50%;width:calc(50% - ( ( 8% ) * 0.5 ) );\"><div class=\"fusion-column-wrapper fusion-flex-column-wrapper-legacy\"><div class=\"fusion-text fusion-text-4\"><h3>Pour nous contacter<\/h3>\n<\/div><div class=\"fusion-sep-clear\"><\/div><div class=\"fusion-separator fusion-full-width-sep\" style=\"margin-left: auto;margin-right: auto;margin-top:5px;width:100%;\"><\/div><div class=\"fusion-sep-clear\"><\/div><div class=\"fusion-builder-row fusion-builder-row-inner fusion-row\"><div class=\"fusion-layout-column fusion_builder_column_inner fusion-builder-nested-column-0 fusion_builder_column_inner_1_5 1_5 fusion-one-fifth fusion-column-first fusion-no-small-visibility\" style=\"--awb-padding-top:20px;--awb-padding-right:20px;--awb-padding-bottom:30px;--awb-padding-left:20px;--awb-bg-color:#86a758;--awb-bg-color-hover:#86a758;--awb-bg-size:cover;--awb-margin-bottom:0px;width:20%;width:calc(20% - ( ( 0 ) * 0.2 ) );margin-right: 0px;\"><div class=\"fusion-column-wrapper fusion-flex-column-wrapper-legacy\"><div class=\"fusion-fa-align-center\"><i class=\"fb-icon-element-1 fb-icon-element fontawesome-icon fa fa-volume-control-phone circle-yes\" style=\"--awb-circlebordersize:1px;--awb-font-size:39.6px;--awb-width:79.2px;--awb-height:79.2px;--awb-line-height:77.2px;\"><\/i><\/div><div class=\"fusion-clearfix\"><\/div><\/div><\/div><div class=\"fusion-layout-column fusion_builder_column_inner fusion-builder-nested-column-1 fusion_builder_column_inner_4_5 4_5 fusion-four-fifth fusion-column-last\" style=\"--awb-padding-top:25px;--awb-padding-right:20px;--awb-padding-bottom:40px;--awb-padding-left:20px;--awb-bg-color:#86a758;--awb-bg-color-hover:#86a758;--awb-bg-size:cover;--awb-margin-bottom:0px;width:80%;width:calc(80% - ( ( 0 ) * 0.8 ) );\"><div class=\"fusion-column-wrapper fusion-flex-column-wrapper-legacy\"><div class=\"fusion-text fusion-text-5\"><p style=\"color: #fff; margin-bottom: 0;\">T\u00e9l\u00e9phone<\/p>\n<\/div><div class=\"fusion-text fusion-text-6\"><p style=\"font-size: 37px; line-height: 41px; margin-bottom: 0;\"><a style=\"color: #fff;\" href=\"tel:\/\/5146675325\">514-667-5325<\/a><\/p>\n<\/div><div class=\"fusion-clearfix\"><\/div><\/div><\/div><\/div><div class=\"fusion-builder-row fusion-builder-row-inner fusion-row\"><div class=\"fusion-layout-column fusion_builder_column_inner fusion-builder-nested-column-2 fusion_builder_column_inner_1_5 1_5 fusion-one-fifth fusion-column-first fusion-no-small-visibility\" style=\"--awb-padding-top:19px;--awb-padding-right:20px;--awb-padding-bottom:28px;--awb-padding-left:20px;--awb-bg-color:#3d434c;--awb-bg-color-hover:#3d434c;--awb-bg-size:cover;--awb-margin-bottom:0px;width:20%;width:calc(20% - ( ( 0 ) * 0.2 ) );margin-right: 0px;\"><div class=\"fusion-column-wrapper fusion-flex-column-wrapper-legacy\"><div class=\"fusion-fa-align-center\"><i class=\"fb-icon-element-2 fb-icon-element fontawesome-icon fa fa-volume-control-phone circle-yes\" style=\"--awb-circlebordersize:1px;--awb-font-size:39.6px;--awb-width:79.2px;--awb-height:79.2px;--awb-line-height:77.2px;\"><\/i><\/div><div class=\"fusion-clearfix\"><\/div><\/div><\/div><div class=\"fusion-layout-column fusion_builder_column_inner fusion-builder-nested-column-3 fusion_builder_column_inner_4_5 4_5 fusion-four-fifth fusion-column-last\" style=\"--awb-padding-top:25px;--awb-padding-right:20px;--awb-padding-bottom:41px;--awb-padding-left:20px;--awb-bg-color:#3d434c;--awb-bg-color-hover:#3d434c;--awb-bg-size:cover;--awb-margin-bottom:0px;width:80%;width:calc(80% - ( ( 0 ) * 0.8 ) );\"><div class=\"fusion-column-wrapper fusion-flex-column-wrapper-legacy\"><div class=\"fusion-text fusion-text-7\"><p style=\"color: #fff; margin-bottom: 0;\">T\u00e9l\u00e9phone sans frais<\/p>\n<\/div><div class=\"fusion-text fusion-text-8\"><p style=\"font-size: 37px; line-height: 41px; margin-bottom: 0;\"><a style=\"color: #fff;\" href=\"tel:\/\/18667285524\">1-866-728-5524<\/a><\/p>\n<\/div><div class=\"fusion-clearfix\"><\/div><\/div><\/div><\/div><div class=\"fusion-builder-row fusion-builder-row-inner fusion-row\"><div class=\"fusion-layout-column fusion_builder_column_inner fusion-builder-nested-column-4 fusion_builder_column_inner_1_5 1_5 fusion-one-fifth fusion-column-first fusion-no-small-visibility\" style=\"--awb-padding-top:18px;--awb-padding-right:20px;--awb-padding-bottom:30px;--awb-padding-left:20px;--awb-bg-color:#86a758;--awb-bg-color-hover:#86a758;--awb-bg-size:cover;--awb-margin-bottom:0px;width:20%;width:calc(20% - ( ( 0 ) * 0.2 ) );margin-right: 0px;\"><div class=\"fusion-column-wrapper fusion-flex-column-wrapper-legacy\"><div class=\"fusion-fa-align-center\"><i class=\"fb-icon-element-3 fb-icon-element fontawesome-icon fa-envelope far circle-yes\" style=\"--awb-circlebordersize:1px;--awb-font-size:39.6px;--awb-width:79.2px;--awb-height:79.2px;--awb-line-height:77.2px;\"><\/i><\/div><div class=\"fusion-clearfix\"><\/div><\/div><\/div><div class=\"fusion-layout-column fusion_builder_column_inner fusion-builder-nested-column-5 fusion_builder_column_inner_4_5 4_5 fusion-four-fifth fusion-column-last\" style=\"--awb-padding-top:25px;--awb-padding-right:20px;--awb-padding-bottom:42px;--awb-padding-left:20px;--awb-bg-color:#86a758;--awb-bg-color-hover:#86a758;--awb-bg-size:cover;--awb-margin-bottom:0px;width:80%;width:calc(80% - ( ( 0 ) * 0.8 ) );\"><div class=\"fusion-column-wrapper fusion-flex-column-wrapper-legacy\"><div class=\"fusion-text fusion-text-9\"><p style=\"color: #fff; margin-bottom: 0;\">Courriel<\/p>\n<\/div><div class=\"fusion-text fusion-text-10\"><p style=\"font-size: 28px; line-height: 41px; margin-bottom: 0;\"><a style=\"color: #fff;\" href=\"mailto:info@chaletsbaiedusud.com\">info@chaletsbaiedusud.com<\/a><\/p>\n<\/div><div class=\"fusion-clearfix\"><\/div><\/div><\/div><\/div><div class=\"fusion-builder-row fusion-builder-row-inner fusion-row\"><div class=\"fusion-layout-column fusion_builder_column_inner fusion-builder-nested-column-6 fusion_builder_column_inner_1_5 1_5 fusion-one-fifth fusion-column-first fusion-no-small-visibility\" style=\"--awb-padding-top:17px;--awb-padding-right:20px;--awb-padding-bottom:29px;--awb-padding-left:20px;--awb-bg-color:#3d434c;--awb-bg-color-hover:#3d434c;--awb-bg-size:cover;--awb-margin-bottom:0px;width:20%;width:calc(20% - ( ( 0 ) * 0.2 ) );margin-right: 0px;\"><div class=\"fusion-column-wrapper fusion-flex-column-wrapper-legacy\"><div class=\"fusion-column-content-centered\"><div class=\"fusion-column-content\"><div class=\"fusion-fa-align-center\"><i class=\"fb-icon-element-4 fb-icon-element fontawesome-icon fa-facebook-square fab circle-yes\" style=\"--awb-circlebordersize:1px;--awb-font-size:39.6px;--awb-width:79.2px;--awb-height:79.2px;--awb-line-height:77.2px;\"><\/i><\/div><\/div><\/div><div class=\"fusion-clearfix\"><\/div><\/div><\/div><div class=\"fusion-layout-column fusion_builder_column_inner fusion-builder-nested-column-7 fusion_builder_column_inner_4_5 4_5 fusion-four-fifth fusion-column-last\" style=\"--awb-padding-top:26px;--awb-padding-right:20px;--awb-padding-bottom:44px;--awb-padding-left:20px;--awb-bg-color:#3d434c;--awb-bg-color-hover:#3d434c;--awb-bg-size:cover;--awb-margin-bottom:0px;width:80%;width:calc(80% - ( ( 0 ) * 0.8 ) );\"><div class=\"fusion-column-wrapper fusion-flex-column-wrapper-legacy\"><div class=\"fusion-column-content-centered\"><div class=\"fusion-column-content\"><div class=\"fusion-text fusion-text-11\"><p style=\"font-size: 37px; line-height: 41px; margin-bottom: 0;\"><a style=\"color: #fff;\" href=\"https:\/\/www.facebook.com\/PourvoirieChaletsBaieduSud\/\" target=\"_blank\" rel=\"noopener noreferrer\">Facebook<\/a><\/p>\n<\/div><\/div><\/div><div class=\"fusion-clearfix\"><\/div><\/div><\/div><\/div><div class=\"fusion-clearfix\"><\/div><\/div><\/div><\/div><\/div><div class=\"fusion-fullwidth fullwidth-box fusion-builder-row-2 hundred-percent-fullwidth non-hundred-percent-height-scrolling\" style=\"--awb-border-radius-top-left:0px;--awb-border-radius-top-right:0px;--awb-border-radius-bottom-right:0px;--awb-border-radius-bottom-left:0px;--awb-padding-top:20px;--awb-padding-right:0px;--awb-padding-bottom:0px;--awb-padding-left:0px;--awb-margin-bottom:0px;--awb-flex-wrap:wrap;\" ><div class=\"fusion-builder-row fusion-row\"><div class=\"fusion-layout-column fusion_builder_column fusion-builder-column-2 fusion_builder_column_1_1 1_1 fusion-one-full fusion-column-first fusion-column-last\" style=\"--awb-padding-right:0px;--awb-padding-bottom:0px;--awb-padding-left:0px;--awb-bg-size:cover;--awb-margin-bottom:0px;\"><div class=\"fusion-column-wrapper fusion-flex-column-wrapper-legacy\"><iframe src=\"https:\/\/www.google.com\/maps\/embed?pb=!1m18!1m12!1m3!1d2652.5193743480186!2d-75.12618468411033!3d48.331321545625514!2m3!1f0!2f0!3f0!3m2!1i1024!2i768!4f13.1!3m3!1m2!1s0x4cdcfec6caec7dbb%3A0x1c81ffe1add352ec!2sPourvoirie%20Chalets%20Baie%20du%20sud!5e0!3m2!1sen!2sca!4v1586197741242!5m2!1sen!2sca\" width=\"1903\" height=\"300\" frameborder=\"0\" style=\"border:0;\" allowfullscreen=\"1\" aria-hidden=\"false\" tabindex=\"0\"><\/iframe><div class=\"fusion-clearfix\"><\/div><\/div><\/div><\/div><\/div>\n<\/p>\n","protected":false},"excerpt":{"rendered":"","protected":false},"author":2,"featured_media":0,"parent":0,"menu_order":0,"comment_status":"closed","ping_status":"closed","template":"100-width.php","meta":{"_monsterinsights_skip_tracking":false,"_monsterinsights_sitenote_active":false,"_monsterinsights_sitenote_note":"","_monsterinsights_sitenote_category":0,"footnotes":""},"class_list":["post-12","page","type-page","status-publish","hentry"],"yoast_head":"<!-- This site is optimized with the Yoast SEO plugin v27.1.1 - https:\/\/yoast.com\/product\/yoast-seo-wordpress\/ -->\n<title>Pourvoirie R\u00e9servoir Gouin - Coordonn\u00e9es des Chalets Baie du Sud<\/title>\n<meta name=\"description\" content=\"Situ\u00e9e \u00e0 6h30 de route de Montr\u00e9al ou Qu\u00e9bec, la pourvoirie vous offre un s\u00e9jour de p\u00eache dor\u00e9 - brochet ou de chasse \u00e0 l&#039;ours dans de confortables chalets.\" \/>\n<meta name=\"robots\" content=\"index, follow, max-snippet:-1, max-image-preview:large, max-video-preview:-1\" \/>\n<link rel=\"canonical\" href=\"https:\/\/www.chaletsbaiedusud.com\/fr\/pourvoirie-reservoir-gouin-coordonnees-des-chalets-baie-du-sud\/\" \/>\n<meta property=\"og:locale\" content=\"fr_FR\" \/>\n<meta property=\"og:type\" content=\"article\" \/>\n<meta property=\"og:title\" content=\"Pourvoirie R\u00e9servoir Gouin - Coordonn\u00e9es des Chalets Baie du Sud\" \/>\n<meta property=\"og:description\" content=\"Situ\u00e9e \u00e0 6h30 de route de Montr\u00e9al ou Qu\u00e9bec, la pourvoirie vous offre un s\u00e9jour de p\u00eache dor\u00e9 - brochet ou de chasse \u00e0 l&#039;ours dans de confortables chalets.\" \/>\n<meta property=\"og:url\" content=\"https:\/\/www.chaletsbaiedusud.com\/fr\/pourvoirie-reservoir-gouin-coordonnees-des-chalets-baie-du-sud\/\" \/>\n<meta property=\"og:site_name\" content=\"Chalets Baie du Sud\" \/>\n<meta property=\"article:publisher\" content=\"https:\/\/www.facebook.com\/PourvoirieChaletsBaieduSud\/\" \/>\n<meta property=\"article:modified_time\" content=\"2024-02-20T20:45:28+00:00\" \/>\n<meta name=\"twitter:card\" content=\"summary_large_image\" \/>\n<meta name=\"twitter:label1\" content=\"Dur\u00e9e de lecture estim\u00e9e\" \/>\n\t<meta name=\"twitter:data1\" content=\"7 minutes\" \/>\n<script type=\"application\/ld+json\" class=\"yoast-schema-graph\">{\"@context\":\"https:\/\/schema.org\",\"@graph\":[{\"@type\":\"WebPage\",\"@id\":\"https:\/\/www.chaletsbaiedusud.com\/fr\/pourvoirie-reservoir-gouin-coordonnees-des-chalets-baie-du-sud\/\",\"url\":\"https:\/\/www.chaletsbaiedusud.com\/fr\/pourvoirie-reservoir-gouin-coordonnees-des-chalets-baie-du-sud\/\",\"name\":\"Pourvoirie R\u00e9servoir Gouin - Coordonn\u00e9es des Chalets Baie du Sud\",\"isPartOf\":{\"@id\":\"https:\/\/www.chaletsbaiedusud.com\/fr\/#website\"},\"datePublished\":\"2016-11-07T03:06:54+00:00\",\"dateModified\":\"2024-02-20T20:45:28+00:00\",\"description\":\"Situ\u00e9e \u00e0 6h30 de route de Montr\u00e9al ou Qu\u00e9bec, la pourvoirie vous offre un s\u00e9jour de p\u00eache dor\u00e9 - brochet ou de chasse \u00e0 l'ours dans de confortables chalets.\",\"breadcrumb\":{\"@id\":\"https:\/\/www.chaletsbaiedusud.com\/fr\/pourvoirie-reservoir-gouin-coordonnees-des-chalets-baie-du-sud\/#breadcrumb\"},\"inLanguage\":\"fr-FR\",\"potentialAction\":[{\"@type\":\"ReadAction\",\"target\":[\"https:\/\/www.chaletsbaiedusud.com\/fr\/pourvoirie-reservoir-gouin-coordonnees-des-chalets-baie-du-sud\/\"]}]},{\"@type\":\"BreadcrumbList\",\"@id\":\"https:\/\/www.chaletsbaiedusud.com\/fr\/pourvoirie-reservoir-gouin-coordonnees-des-chalets-baie-du-sud\/#breadcrumb\",\"itemListElement\":[{\"@type\":\"ListItem\",\"position\":1,\"name\":\"Accueil\",\"item\":\"https:\/\/www.chaletsbaiedusud.com\/fr\/\"},{\"@type\":\"ListItem\",\"position\":2,\"name\":\"Pourvoirie R\u00e9servoir Gouin &#8211; Coordonn\u00e9es des Chalets Baie du Sud\"}]},{\"@type\":\"WebSite\",\"@id\":\"https:\/\/www.chaletsbaiedusud.com\/fr\/#website\",\"url\":\"https:\/\/www.chaletsbaiedusud.com\/fr\/\",\"name\":\"Chalets Baie du Sud\",\"description\":\"Le paradis du dor\u00e9 et du brochet !\",\"potentialAction\":[{\"@type\":\"SearchAction\",\"target\":{\"@type\":\"EntryPoint\",\"urlTemplate\":\"https:\/\/www.chaletsbaiedusud.com\/fr\/?s={search_term_string}\"},\"query-input\":{\"@type\":\"PropertyValueSpecification\",\"valueRequired\":true,\"valueName\":\"search_term_string\"}}],\"inLanguage\":\"fr-FR\"}]}<\/script>\n<!-- \/ Yoast SEO plugin. -->","yoast_head_json":{"title":"Pourvoirie R\u00e9servoir Gouin - Coordonn\u00e9es des Chalets Baie du Sud","description":"Situ\u00e9e \u00e0 6h30 de route de Montr\u00e9al ou Qu\u00e9bec, la pourvoirie vous offre un s\u00e9jour de p\u00eache dor\u00e9 - brochet ou de chasse \u00e0 l'ours dans de confortables chalets.","robots":{"index":"index","follow":"follow","max-snippet":"max-snippet:-1","max-image-preview":"max-image-preview:large","max-video-preview":"max-video-preview:-1"},"canonical":"https:\/\/www.chaletsbaiedusud.com\/fr\/pourvoirie-reservoir-gouin-coordonnees-des-chalets-baie-du-sud\/","og_locale":"fr_FR","og_type":"article","og_title":"Pourvoirie R\u00e9servoir Gouin - Coordonn\u00e9es des Chalets Baie du Sud","og_description":"Situ\u00e9e \u00e0 6h30 de route de Montr\u00e9al ou Qu\u00e9bec, la pourvoirie vous offre un s\u00e9jour de p\u00eache dor\u00e9 - brochet ou de chasse \u00e0 l'ours dans de confortables chalets.","og_url":"https:\/\/www.chaletsbaiedusud.com\/fr\/pourvoirie-reservoir-gouin-coordonnees-des-chalets-baie-du-sud\/","og_site_name":"Chalets Baie du Sud","article_publisher":"https:\/\/www.facebook.com\/PourvoirieChaletsBaieduSud\/","article_modified_time":"2024-02-20T20:45:28+00:00","twitter_card":"summary_large_image","twitter_misc":{"Dur\u00e9e de lecture estim\u00e9e":"7 minutes"},"schema":{"@context":"https:\/\/schema.org","@graph":[{"@type":"WebPage","@id":"https:\/\/www.chaletsbaiedusud.com\/fr\/pourvoirie-reservoir-gouin-coordonnees-des-chalets-baie-du-sud\/","url":"https:\/\/www.chaletsbaiedusud.com\/fr\/pourvoirie-reservoir-gouin-coordonnees-des-chalets-baie-du-sud\/","name":"Pourvoirie R\u00e9servoir Gouin - Coordonn\u00e9es des Chalets Baie du Sud","isPartOf":{"@id":"https:\/\/www.chaletsbaiedusud.com\/fr\/#website"},"datePublished":"2016-11-07T03:06:54+00:00","dateModified":"2024-02-20T20:45:28+00:00","description":"Situ\u00e9e \u00e0 6h30 de route de Montr\u00e9al ou Qu\u00e9bec, la pourvoirie vous offre un s\u00e9jour de p\u00eache dor\u00e9 - brochet ou de chasse \u00e0 l'ours dans de confortables chalets.","breadcrumb":{"@id":"https:\/\/www.chaletsbaiedusud.com\/fr\/pourvoirie-reservoir-gouin-coordonnees-des-chalets-baie-du-sud\/#breadcrumb"},"inLanguage":"fr-FR","potentialAction":[{"@type":"ReadAction","target":["https:\/\/www.chaletsbaiedusud.com\/fr\/pourvoirie-reservoir-gouin-coordonnees-des-chalets-baie-du-sud\/"]}]},{"@type":"BreadcrumbList","@id":"https:\/\/www.chaletsbaiedusud.com\/fr\/pourvoirie-reservoir-gouin-coordonnees-des-chalets-baie-du-sud\/#breadcrumb","itemListElement":[{"@type":"ListItem","position":1,"name":"Accueil","item":"https:\/\/www.chaletsbaiedusud.com\/fr\/"},{"@type":"ListItem","position":2,"name":"Pourvoirie R\u00e9servoir Gouin &#8211; Coordonn\u00e9es des Chalets Baie du Sud"}]},{"@type":"WebSite","@id":"https:\/\/www.chaletsbaiedusud.com\/fr\/#website","url":"https:\/\/www.chaletsbaiedusud.com\/fr\/","name":"Chalets Baie du Sud","description":"Le paradis du dor\u00e9 et du brochet !","potentialAction":[{"@type":"SearchAction","target":{"@type":"EntryPoint","urlTemplate":"https:\/\/www.chaletsbaiedusud.com\/fr\/?s={search_term_string}"},"query-input":{"@type":"PropertyValueSpecification","valueRequired":true,"valueName":"search_term_string"}}],"inLanguage":"fr-FR"}]}},"_links":{"self":[{"href":"https:\/\/www.chaletsbaiedusud.com\/fr\/wp-json\/wp\/v2\/pages\/12","targetHints":{"allow":["GET"]}}],"collection":[{"href":"https:\/\/www.chaletsbaiedusud.com\/fr\/wp-json\/wp\/v2\/pages"}],"about":[{"href":"https:\/\/www.chaletsbaiedusud.com\/fr\/wp-json\/wp\/v2\/types\/page"}],"author":[{"embeddable":true,"href":"https:\/\/www.chaletsbaiedusud.com\/fr\/wp-json\/wp\/v2\/users\/2"}],"replies":[{"embeddable":true,"href":"https:\/\/www.chaletsbaiedusud.com\/fr\/wp-json\/wp\/v2\/comments?post=12"}],"version-history":[{"count":45,"href":"https:\/\/www.chaletsbaiedusud.com\/fr\/wp-json\/wp\/v2\/pages\/12\/revisions"}],"predecessor-version":[{"id":2160,"href":"https:\/\/www.chaletsbaiedusud.com\/fr\/wp-json\/wp\/v2\/pages\/12\/revisions\/2160"}],"wp:attachment":[{"href":"https:\/\/www.chaletsbaiedusud.com\/fr\/wp-json\/wp\/v2\/media?parent=12"}],"curies":[{"name":"wp","href":"https:\/\/api.w.org\/{rel}","templated":true}]}}