{"id":1241,"date":"2018-06-13T16:24:36","date_gmt":"2018-06-13T14:24:36","guid":{"rendered":"http:\/\/www.chaletsbaiedusud.com\/?page_id=1241"},"modified":"2024-02-20T15:45:18","modified_gmt":"2024-02-20T20:45:18","slug":"brochets","status":"publish","type":"page","link":"https:\/\/www.chaletsbaiedusud.com\/fr\/brochets\/","title":{"rendered":"Brochets"},"content":{"rendered":"<p><div class=\"fusion-fullwidth fullwidth-box fusion-builder-row-1 nonhundred-percent-fullwidth non-hundred-percent-height-scrolling fusion-equal-height-columns\" style=\"--awb-border-radius-top-left:0px;--awb-border-radius-top-right:0px;--awb-border-radius-bottom-right:0px;--awb-border-radius-bottom-left:0px;--awb-padding-top:50px;--awb-padding-bottom:0px;--awb-flex-wrap:wrap;\" ><div class=\"fusion-builder-row fusion-row\"><div class=\"fusion-layout-column fusion_builder_column fusion-builder-column-0 fusion_builder_column_1_2 1_2 fusion-one-half fusion-column-first fusion-column-no-min-height\" style=\"--awb-bg-size:cover;width:50%;width:calc(50% - ( ( 8% ) * 0.5 ) );margin-right: 8%;\"><div class=\"fusion-column-wrapper fusion-flex-column-wrapper-legacy\"><div class=\"fusion-column-content-centered\"><div class=\"fusion-column-content\"><div class=\"fusion-text fusion-text-1\"><h1>P\u00eache aux brochets<br \/>\nR\u00e9servoir Gouin<\/h1>\n<\/div><div class=\"fusion-text fusion-text-2\"><p>Si vous d\u00e9sirez capturer des sp\u00e9cimens de grande taille, venez nous voir au R\u00e9servoir Gouin.<\/p>\n<p>Plusieurs brochets de plus de 10 lbs (9 kg) et quelques brochets de plus de 20 lbs sont captur\u00e9s chaque ann\u00e9e.<\/p>\n<p>Les brochets se tiennent en embuscade pr\u00e8s des nombreuses \u00eeles et petites baies calmes, c\u2019est alors qu\u2019ils sont faciles \u00e0 p\u00eacher.<\/p>\n<p>En surface, en profondeur, au lancer l\u00e9ger, \u00e0 la tra\u00eene et m\u00eame \u00e0 la mouche. Toutes les m\u00e9thodes sont efficaces.<\/p>\n<p>Les meilleurs endroits? D\u00e8s que vous mettez votre embarcation \u00e0 l\u2019eau !<\/p>\n<p><strong>Le brochet est omnipr\u00e9sent au R\u00e9servoir Gouin!!!<\/strong><\/p>\n<\/div><\/div><\/div><div class=\"fusion-clearfix\"><\/div><\/div><\/div><div class=\"fusion-layout-column fusion_builder_column fusion-builder-column-1 fusion_builder_column_1_2 1_2 fusion-one-half fusion-column-last\" style=\"--awb-padding-top:30px;--awb-padding-bottom:0px;--awb-bg-size:cover;width:50%;width:calc(50% - ( ( 8% ) * 0.5 ) );\"><div class=\"fusion-column-wrapper fusion-flex-column-wrapper-legacy\"><div class=\"fusion-column-content-centered\"><div class=\"fusion-column-content\"><div class=\"fusion-builder-row fusion-builder-row-inner fusion-row\"><div class=\"fusion-layout-column fusion_builder_column_inner fusion-builder-nested-column-0 fusion_builder_column_inner_1_1 1_1 fusion-one-full fusion-column-first fusion-column-last\" style=\"--awb-padding-top:25px;--awb-padding-right:20px;--awb-padding-bottom:40px;--awb-padding-left:20px;--awb-bg-color:#ffffff;--awb-bg-color-hover:#ffffff;--awb-bg-size:cover;--awb-margin-bottom:0px;\"><div class=\"fusion-column-wrapper fusion-flex-column-wrapper-legacy\"><div class=\"fusion-column-content-centered\"><div class=\"fusion-column-content\"><div class=\"fusion-slider-sc fusion-flexslider-loading flexslider flexslider-hover-type-none\" data-slideshow_autoplay=\"1\" data-slideshow_smooth_height=\"0\" data-slideshow_speed=\"7000\" style=\"max-width:100%;height:100%;\"><ul class=\"slides\"><li class=\"image\"><span class=\"fusion-image-hover-element hover-type-none\"><img decoding=\"async\" src=\"http:\/\/www.chaletsbaiedusud.com\/wp-content\/uploads\/2018\/06\/peche-brochet-reservoir-Gouin-1.jpg\" \/><\/span><\/li><li class=\"image\"><span class=\"fusion-image-hover-element hover-type-none\"><img decoding=\"async\" src=\"http:\/\/www.chaletsbaiedusud.com\/wp-content\/uploads\/2018\/06\/peche-brochet-reservoir-Gouin-3.jpg\" \/><\/span><\/li><\/ul><\/div><\/div><\/div><div class=\"fusion-clearfix\"><\/div><\/div><\/div><\/div><\/div><\/div><div class=\"fusion-clearfix\"><\/div><\/div><\/div><\/div><\/div><div class=\"fusion-fullwidth fullwidth-box fusion-builder-row-2 nonhundred-percent-fullwidth non-hundred-percent-height-scrolling\" style=\"--awb-border-radius-top-left:0px;--awb-border-radius-top-right:0px;--awb-border-radius-bottom-right:0px;--awb-border-radius-bottom-left:0px;--awb-flex-wrap:wrap;\" ><div class=\"fusion-builder-row fusion-row\"><div class=\"fusion-layout-column fusion_builder_column fusion-builder-column-2 fusion_builder_column_1_1 1_1 fusion-one-full fusion-column-first fusion-column-last\" style=\"--awb-padding-top:20px;--awb-padding-bottom:0px;--awb-bg-color:#86a758;--awb-bg-color-hover:#86a758;--awb-bg-size:cover;--awb-margin-bottom:0px;\"><div class=\"fusion-column-wrapper fusion-flex-column-wrapper-legacy\"><div class=\"fusion-text fusion-text-3\"><p style=\"font-size: 34px; font-weight: 400; text-align: center; color: #fff; font-family: 'Patua One'; line-height: 33px; margin: 0;\"><a style=\"color: #fff;\" href=\"\/?p=12\">R\u00e9servez d\u00e8s maintenant<\/a><\/p>\n<p style=\"font-size: 22px; font-weight: 400; text-align: center; color: #fff; font-family: 'Patua One'; line-height: 33px;\">votre p\u00eache aux brochets<br \/>\nau majestueux R\u00e9servoir Gouin!<\/p>\n<\/div><div class=\"fusion-clearfix\"><\/div><\/div><\/div><\/div><\/div><div class=\"fusion-fullwidth fullwidth-box fusion-builder-row-3 nonhundred-percent-fullwidth non-hundred-percent-height-scrolling fusion-equal-height-columns\" style=\"--awb-border-radius-top-left:0px;--awb-border-radius-top-right:0px;--awb-border-radius-bottom-right:0px;--awb-border-radius-bottom-left:0px;--awb-padding-top:50px;--awb-padding-bottom:45px;--awb-flex-wrap:wrap;\" ><div class=\"fusion-builder-row fusion-row\"><div class=\"fusion-layout-column fusion_builder_column fusion-builder-column-3 fusion_builder_column_1_2 1_2 fusion-one-half fusion-column-first fusion-column-no-min-height\" style=\"--awb-bg-size:cover;width:50%;width:calc(50% - ( ( 8% ) * 0.5 ) );margin-right: 8%;\"><div class=\"fusion-column-wrapper fusion-flex-column-wrapper-legacy\"><div class=\"fusion-column-content-centered\"><div class=\"fusion-column-content\"><div class=\"fusion-text fusion-text-4\"><h2>Quelques trucs et astuces pour la p\u00eache au grand brochet<\/h2>\n<\/div><div class=\"fusion-text fusion-text-5\"><ul>\n<li>La vitesse de r\u00e9cup\u00e9ration de vos leurres ou mouches doit \u00eatre rapide<\/li>\n<li>Les herbages au fond des baies de faibles profondeurs avec des leurres flottants donnent des combats tr\u00e8s vigoureux, surtout en soir\u00e9e<\/li>\n<li>Employez des leurres de surface anti-herbe dans ces baies\u00a0: l\u2019attaque d\u2019un brochet en surface est tr\u00e8s spectaculaire<\/li>\n<li>Il y a tellement de brochets au R\u00e9servoir Gouin que vous n\u2019avez qu\u2019\u00e0 p\u00eacher pr\u00e8s de n\u2019importe quelle berge pour en capturer<\/li>\n<\/ul>\n<p>Exemples de leurres\u00a0* :<\/p>\n<p><img loading=\"lazy\" decoding=\"async\" class=\"alignnone size-full wp-image-1342\" src=\"http:\/\/www.chaletsbaiedusud.com\/wp-content\/uploads\/2018\/06\/leurres-magnum-reed-runner-spinnersalt.jpg\" alt=\"\" width=\"200\" height=\"133\" srcset=\"https:\/\/www.chaletsbaiedusud.com\/wp-content\/uploads\/2018\/06\/leurres-magnum-reed-runner-spinnersalt.jpg 200w, https:\/\/www.chaletsbaiedusud.com\/wp-content\/uploads\/2018\/06\/leurres-magnum-reed-runner-spinnersalt.avif 200w\" sizes=\"auto, (max-width: 200px) 100vw, 200px\" \/><img loading=\"lazy\" decoding=\"async\" class=\"alignnone size-full wp-image-1343\" src=\"http:\/\/www.chaletsbaiedusud.com\/wp-content\/uploads\/2018\/06\/leurres-williams-wabler-w60.jpg\" alt=\"\" width=\"200\" height=\"133\" srcset=\"https:\/\/www.chaletsbaiedusud.com\/wp-content\/uploads\/2018\/06\/leurres-williams-wabler-w60.jpg 200w, https:\/\/www.chaletsbaiedusud.com\/wp-content\/uploads\/2018\/06\/leurres-williams-wabler-w60.avif 200w\" sizes=\"auto, (max-width: 200px) 100vw, 200px\" \/><\/p>\n<p>*Suggestions et vid\u00e9o par Patrick Campeau, chroniqueur et p\u00eacheur professionnel.<\/p>\n<p>Vous pouvez consulter <a href=\"http:\/\/www.pcampeau.com\/brochet.html\" target=\"_blank\" rel=\"noopener\">la liste des leurres propos\u00e9es par M. Campeau pour la p\u00eache aux brochets<\/a><\/p>\n<h3>Quelques rappels pour les r\u00e8glements de p\u00eache au grand brochet\u00a0:<\/h3>\n<ul>\n<li>La limite de prises pour le brochet est de 10.<\/li>\n<li>Aucune restriction de longueur ou de poids<\/li>\n<li>La p\u00eache aux brochets au R\u00e9servoir Gouin d\u00e9bute vers la mi-mai et se termine vers la 3\u00e8me semaine de septembre<\/li>\n<li>App\u00e2ts vivants et morts INTERDIT<\/li>\n<\/ul>\n<\/div><\/div><\/div><div class=\"fusion-clearfix\"><\/div><\/div><\/div><div class=\"fusion-layout-column fusion_builder_column fusion-builder-column-4 fusion_builder_column_1_2 1_2 fusion-one-half fusion-column-last fusion-column-no-min-height\" style=\"--awb-padding-top:30px;--awb-padding-bottom:30px;--awb-bg-size:cover;width:50%;width:calc(50% - ( ( 8% ) * 0.5 ) );\"><div class=\"fusion-column-wrapper fusion-flex-column-wrapper-legacy\"><div class=\"fusion-column-content-centered\"><div class=\"fusion-column-content\"><div class=\"fusion-builder-row fusion-builder-row-inner fusion-row\"><div class=\"fusion-layout-column fusion_builder_column_inner fusion-builder-nested-column-1 fusion_builder_column_inner_1_1 1_1 fusion-one-full fusion-column-first fusion-column-last\" style=\"--awb-padding-top:25px;--awb-padding-right:20px;--awb-padding-bottom:40px;--awb-padding-left:20px;--awb-bg-color:#ffffff;--awb-bg-color-hover:#ffffff;--awb-bg-size:cover;--awb-margin-bottom:0px;\"><div class=\"fusion-column-wrapper fusion-flex-column-wrapper-legacy\"><div class=\"fusion-column-content-centered\"><div class=\"fusion-column-content\"><div class=\"fusion-image-element in-legacy-container\" style=\"--awb-caption-title-font-family:var(--h2_typography-font-family);--awb-caption-title-font-weight:var(--h2_typography-font-weight);--awb-caption-title-font-style:var(--h2_typography-font-style);--awb-caption-title-size:var(--h2_typography-font-size);--awb-caption-title-transform:var(--h2_typography-text-transform);--awb-caption-title-line-height:var(--h2_typography-line-height);--awb-caption-title-letter-spacing:var(--h2_typography-letter-spacing);\"><span class=\" fusion-imageframe imageframe-none imageframe-1 hover-type-none\"><img loading=\"lazy\" decoding=\"async\" width=\"517\" height=\"344\" alt=\"p\u00eache brochet r\u00e9servoir Gouin\" title=\"p\u00eache brochet r\u00e9servoir Gouin\" src=\"http:\/\/www.chaletsbaiedusud.com\/wp-content\/uploads\/2018\/06\/peche-brochet-reservoir-Gouin-2.jpg\" class=\"img-responsive wp-image-1325\" srcset=\"https:\/\/www.chaletsbaiedusud.com\/wp-content\/uploads\/2018\/06\/peche-brochet-reservoir-Gouin-2-200x133.jpg 200w, https:\/\/www.chaletsbaiedusud.com\/wp-content\/uploads\/2018\/06\/peche-brochet-reservoir-Gouin-2-400x266.jpg 400w, https:\/\/www.chaletsbaiedusud.com\/wp-content\/uploads\/2018\/06\/peche-brochet-reservoir-Gouin-2.jpg 517w, https:\/\/www.chaletsbaiedusud.com\/wp-content\/uploads\/2018\/06\/peche-brochet-reservoir-Gouin-2.avif 517w\" sizes=\"auto, (max-width: 960px) 100vw, 517px\" \/><\/span><\/div><\/div><\/div><div class=\"fusion-clearfix\"><\/div><\/div><\/div><\/div><div class=\"fusion-builder-row fusion-builder-row-inner fusion-row\"><div class=\"fusion-layout-column fusion_builder_column_inner fusion-builder-nested-column-2 fusion_builder_column_inner_1_1 1_1 fusion-one-full fusion-column-first fusion-column-last\" style=\"--awb-padding-top:25px;--awb-padding-right:20px;--awb-padding-bottom:40px;--awb-padding-left:20px;--awb-bg-color:#ffffff;--awb-bg-color-hover:#ffffff;--awb-bg-size:cover;--awb-margin-bottom:0px;\"><div class=\"fusion-column-wrapper fusion-flex-column-wrapper-legacy\"><div class=\"fusion-column-content-centered\"><div class=\"fusion-column-content\"><div class=\"fusion-image-element in-legacy-container\" style=\"--awb-caption-title-font-family:var(--h2_typography-font-family);--awb-caption-title-font-weight:var(--h2_typography-font-weight);--awb-caption-title-font-style:var(--h2_typography-font-style);--awb-caption-title-size:var(--h2_typography-font-size);--awb-caption-title-transform:var(--h2_typography-text-transform);--awb-caption-title-line-height:var(--h2_typography-line-height);--awb-caption-title-letter-spacing:var(--h2_typography-letter-spacing);\"><span class=\" fusion-imageframe imageframe-none imageframe-2 hover-type-none\"><img loading=\"lazy\" decoding=\"async\" width=\"400\" height=\"107\" alt=\"Autres noms : Grand brochet du nord, brochet, brochet commun, requin d&#039;eau douce\" title=\"Grand brochet du nord, brochet, brochet commun, requin d&rsquo;eau douce\" src=\"http:\/\/www.chaletsbaiedusud.com\/wp-content\/uploads\/2018\/06\/grand-brochet.png\" class=\"img-responsive wp-image-1345\" srcset=\"https:\/\/www.chaletsbaiedusud.com\/wp-content\/uploads\/2018\/06\/grand-brochet-200x54.png 200w, https:\/\/www.chaletsbaiedusud.com\/wp-content\/uploads\/2018\/06\/grand-brochet.png 400w, https:\/\/www.chaletsbaiedusud.com\/wp-content\/uploads\/2018\/06\/grand-brochet.avif 400w\" sizes=\"auto, (max-width: 960px) 100vw, 400px\" \/><\/span><\/div><div class=\"fusion-text fusion-text-6\"><p>Autres noms\u00a0: Grand brochet du nord, brochet, brochet commun, requin d&rsquo;eau douce<\/p>\n<\/div><\/div><\/div><div class=\"fusion-clearfix\"><\/div><\/div><\/div><\/div><\/div><\/div><div class=\"fusion-clearfix\"><\/div><\/div><\/div><\/div><\/div><div class=\"fusion-fullwidth fullwidth-box fusion-builder-row-4 fusion-parallax-none hundred-percent-fullwidth non-hundred-percent-height-scrolling\" style=\"--awb-border-radius-top-left:0px;--awb-border-radius-top-right:0px;--awb-border-radius-bottom-right:0px;--awb-border-radius-bottom-left:0px;--awb-padding-top:160px;--awb-padding-bottom:30px;--awb-background-image:url(&quot;http:\/\/www.chaletsbaiedusud.com\/wp-content\/uploads\/2018\/06\/reservoir-Gouin.jpg&quot;);--awb-background-size:cover;--awb-flex-wrap:wrap;\" ><div class=\"fusion-builder-row fusion-row\"><div class=\"fusion-layout-column fusion_builder_column fusion-builder-column-5 fusion_builder_column_1_1 1_1 fusion-one-full fusion-column-first fusion-column-last\" style=\"--awb-padding-right:13%;--awb-padding-left:13%;--awb-bg-size:cover;\"><div class=\"fusion-column-wrapper fusion-flex-column-wrapper-legacy\"><div class=\"fusion-text fusion-text-7\"><h2 style=\"text-align: center; color: #fff; font-size: 70px; line-height: 1;\">R\u00e9servez d\u00e8s maintenant<\/h2>\n<\/div><div class=\"fusion-aligncenter\"><a class=\"fusion-button button-flat button-xlarge button-custom fusion-button-default button-1 fusion-button-default-span fusion-button-default-type\" style=\"--button_accent_color:#ffffff;--button_accent_hover_color:#000000;--button_border_hover_color:#000000;--button_gradient_top_color:#414572;--button_gradient_bottom_color:#414572;--button_gradient_top_color_hover:#ffffff;--button_gradient_bottom_color_hover:#ffffff;\" target=\"_self\" href=\"\/?p=12\"><span class=\"fusion-button-text awb-button__text awb-button__text--default\">Contactez-nous !<\/span><\/a><\/div><div class=\"fusion-clearfix\"><\/div><\/div><\/div><\/div><\/div><\/p>\n","protected":false},"excerpt":{"rendered":"","protected":false},"author":2,"featured_media":0,"parent":0,"menu_order":0,"comment_status":"closed","ping_status":"closed","template":"100-width.php","meta":{"_monsterinsights_skip_tracking":false,"_monsterinsights_sitenote_active":false,"_monsterinsights_sitenote_note":"","_monsterinsights_sitenote_category":0,"footnotes":""},"class_list":["post-1241","page","type-page","status-publish","hentry"],"yoast_head":"<!-- This site is optimized with the Yoast SEO plugin v27.1.1 - https:\/\/yoast.com\/product\/yoast-seo-wordpress\/ -->\n<title>P\u00eache au brochet - R\u00e9servoir Gouin \u00a0 - Chalets Baie du Sud<\/title>\n<meta name=\"description\" content=\"Vous cherchez des troph\u00e9es monstres? Venez p\u00eacher le grand brochet du nord au Barrage Gouin dans une pourvoirie de qualit\u00e9, accessible par route.\" \/>\n<meta name=\"robots\" content=\"index, follow, max-snippet:-1, max-image-preview:large, max-video-preview:-1\" \/>\n<link rel=\"canonical\" href=\"https:\/\/www.chaletsbaiedusud.com\/fr\/brochets\/\" \/>\n<meta property=\"og:locale\" content=\"fr_FR\" \/>\n<meta property=\"og:type\" content=\"article\" \/>\n<meta property=\"og:title\" content=\"P\u00eache au brochet - R\u00e9servoir Gouin \u00a0 - Chalets Baie du Sud\" \/>\n<meta property=\"og:description\" content=\"Vous cherchez des troph\u00e9es monstres? Venez p\u00eacher le grand brochet du nord au Barrage Gouin dans une pourvoirie de qualit\u00e9, accessible par route.\" \/>\n<meta property=\"og:url\" content=\"https:\/\/www.chaletsbaiedusud.com\/fr\/brochets\/\" \/>\n<meta property=\"og:site_name\" content=\"Chalets Baie du Sud\" \/>\n<meta property=\"article:publisher\" content=\"https:\/\/www.facebook.com\/PourvoirieChaletsBaieduSud\/\" \/>\n<meta property=\"article:modified_time\" content=\"2024-02-20T20:45:18+00:00\" \/>\n<meta property=\"og:image\" content=\"http:\/\/www.chaletsbaiedusud.com\/wp-content\/uploads\/2018\/06\/leurres-magnum-reed-runner-spinnersalt.jpg\" \/>\n<meta name=\"twitter:card\" content=\"summary_large_image\" \/>\n<meta name=\"twitter:label1\" content=\"Dur\u00e9e de lecture estim\u00e9e\" \/>\n\t<meta name=\"twitter:data1\" content=\"9 minutes\" \/>\n<script type=\"application\/ld+json\" class=\"yoast-schema-graph\">{\"@context\":\"https:\/\/schema.org\",\"@graph\":[{\"@type\":\"WebPage\",\"@id\":\"https:\/\/www.chaletsbaiedusud.com\/fr\/brochets\/\",\"url\":\"https:\/\/www.chaletsbaiedusud.com\/fr\/brochets\/\",\"name\":\"P\u00eache au brochet - R\u00e9servoir Gouin \u00a0 - Chalets Baie du Sud\",\"isPartOf\":{\"@id\":\"https:\/\/www.chaletsbaiedusud.com\/fr\/#website\"},\"primaryImageOfPage\":{\"@id\":\"https:\/\/www.chaletsbaiedusud.com\/fr\/brochets\/#primaryimage\"},\"image\":{\"@id\":\"https:\/\/www.chaletsbaiedusud.com\/fr\/brochets\/#primaryimage\"},\"thumbnailUrl\":\"http:\/\/www.chaletsbaiedusud.com\/wp-content\/uploads\/2018\/06\/leurres-magnum-reed-runner-spinnersalt.jpg\",\"datePublished\":\"2018-06-13T14:24:36+00:00\",\"dateModified\":\"2024-02-20T20:45:18+00:00\",\"description\":\"Vous cherchez des troph\u00e9es monstres? Venez p\u00eacher le grand brochet du nord au Barrage Gouin dans une pourvoirie de qualit\u00e9, accessible par route.\",\"breadcrumb\":{\"@id\":\"https:\/\/www.chaletsbaiedusud.com\/fr\/brochets\/#breadcrumb\"},\"inLanguage\":\"fr-FR\",\"potentialAction\":[{\"@type\":\"ReadAction\",\"target\":[\"https:\/\/www.chaletsbaiedusud.com\/fr\/brochets\/\"]}]},{\"@type\":\"ImageObject\",\"inLanguage\":\"fr-FR\",\"@id\":\"https:\/\/www.chaletsbaiedusud.com\/fr\/brochets\/#primaryimage\",\"url\":\"http:\/\/www.chaletsbaiedusud.com\/wp-content\/uploads\/2018\/06\/leurres-magnum-reed-runner-spinnersalt.jpg\",\"contentUrl\":\"http:\/\/www.chaletsbaiedusud.com\/wp-content\/uploads\/2018\/06\/leurres-magnum-reed-runner-spinnersalt.jpg\"},{\"@type\":\"BreadcrumbList\",\"@id\":\"https:\/\/www.chaletsbaiedusud.com\/fr\/brochets\/#breadcrumb\",\"itemListElement\":[{\"@type\":\"ListItem\",\"position\":1,\"name\":\"Accueil\",\"item\":\"https:\/\/www.chaletsbaiedusud.com\/fr\/\"},{\"@type\":\"ListItem\",\"position\":2,\"name\":\"Brochets\"}]},{\"@type\":\"WebSite\",\"@id\":\"https:\/\/www.chaletsbaiedusud.com\/fr\/#website\",\"url\":\"https:\/\/www.chaletsbaiedusud.com\/fr\/\",\"name\":\"Chalets Baie du Sud\",\"description\":\"Le paradis du dor\u00e9 et du brochet !\",\"potentialAction\":[{\"@type\":\"SearchAction\",\"target\":{\"@type\":\"EntryPoint\",\"urlTemplate\":\"https:\/\/www.chaletsbaiedusud.com\/fr\/?s={search_term_string}\"},\"query-input\":{\"@type\":\"PropertyValueSpecification\",\"valueRequired\":true,\"valueName\":\"search_term_string\"}}],\"inLanguage\":\"fr-FR\"}]}<\/script>\n<!-- \/ Yoast SEO plugin. -->","yoast_head_json":{"title":"P\u00eache au brochet - R\u00e9servoir Gouin \u00a0 - Chalets Baie du Sud","description":"Vous cherchez des troph\u00e9es monstres? Venez p\u00eacher le grand brochet du nord au Barrage Gouin dans une pourvoirie de qualit\u00e9, accessible par route.","robots":{"index":"index","follow":"follow","max-snippet":"max-snippet:-1","max-image-preview":"max-image-preview:large","max-video-preview":"max-video-preview:-1"},"canonical":"https:\/\/www.chaletsbaiedusud.com\/fr\/brochets\/","og_locale":"fr_FR","og_type":"article","og_title":"P\u00eache au brochet - R\u00e9servoir Gouin \u00a0 - Chalets Baie du Sud","og_description":"Vous cherchez des troph\u00e9es monstres? Venez p\u00eacher le grand brochet du nord au Barrage Gouin dans une pourvoirie de qualit\u00e9, accessible par route.","og_url":"https:\/\/www.chaletsbaiedusud.com\/fr\/brochets\/","og_site_name":"Chalets Baie du Sud","article_publisher":"https:\/\/www.facebook.com\/PourvoirieChaletsBaieduSud\/","article_modified_time":"2024-02-20T20:45:18+00:00","og_image":[{"url":"http:\/\/www.chaletsbaiedusud.com\/wp-content\/uploads\/2018\/06\/leurres-magnum-reed-runner-spinnersalt.jpg","type":"","width":"","height":""}],"twitter_card":"summary_large_image","twitter_misc":{"Dur\u00e9e de lecture estim\u00e9e":"9 minutes"},"schema":{"@context":"https:\/\/schema.org","@graph":[{"@type":"WebPage","@id":"https:\/\/www.chaletsbaiedusud.com\/fr\/brochets\/","url":"https:\/\/www.chaletsbaiedusud.com\/fr\/brochets\/","name":"P\u00eache au brochet - R\u00e9servoir Gouin \u00a0 - Chalets Baie du Sud","isPartOf":{"@id":"https:\/\/www.chaletsbaiedusud.com\/fr\/#website"},"primaryImageOfPage":{"@id":"https:\/\/www.chaletsbaiedusud.com\/fr\/brochets\/#primaryimage"},"image":{"@id":"https:\/\/www.chaletsbaiedusud.com\/fr\/brochets\/#primaryimage"},"thumbnailUrl":"http:\/\/www.chaletsbaiedusud.com\/wp-content\/uploads\/2018\/06\/leurres-magnum-reed-runner-spinnersalt.jpg","datePublished":"2018-06-13T14:24:36+00:00","dateModified":"2024-02-20T20:45:18+00:00","description":"Vous cherchez des troph\u00e9es monstres? Venez p\u00eacher le grand brochet du nord au Barrage Gouin dans une pourvoirie de qualit\u00e9, accessible par route.","breadcrumb":{"@id":"https:\/\/www.chaletsbaiedusud.com\/fr\/brochets\/#breadcrumb"},"inLanguage":"fr-FR","potentialAction":[{"@type":"ReadAction","target":["https:\/\/www.chaletsbaiedusud.com\/fr\/brochets\/"]}]},{"@type":"ImageObject","inLanguage":"fr-FR","@id":"https:\/\/www.chaletsbaiedusud.com\/fr\/brochets\/#primaryimage","url":"http:\/\/www.chaletsbaiedusud.com\/wp-content\/uploads\/2018\/06\/leurres-magnum-reed-runner-spinnersalt.jpg","contentUrl":"http:\/\/www.chaletsbaiedusud.com\/wp-content\/uploads\/2018\/06\/leurres-magnum-reed-runner-spinnersalt.jpg"},{"@type":"BreadcrumbList","@id":"https:\/\/www.chaletsbaiedusud.com\/fr\/brochets\/#breadcrumb","itemListElement":[{"@type":"ListItem","position":1,"name":"Accueil","item":"https:\/\/www.chaletsbaiedusud.com\/fr\/"},{"@type":"ListItem","position":2,"name":"Brochets"}]},{"@type":"WebSite","@id":"https:\/\/www.chaletsbaiedusud.com\/fr\/#website","url":"https:\/\/www.chaletsbaiedusud.com\/fr\/","name":"Chalets Baie du Sud","description":"Le paradis du dor\u00e9 et du brochet !","potentialAction":[{"@type":"SearchAction","target":{"@type":"EntryPoint","urlTemplate":"https:\/\/www.chaletsbaiedusud.com\/fr\/?s={search_term_string}"},"query-input":{"@type":"PropertyValueSpecification","valueRequired":true,"valueName":"search_term_string"}}],"inLanguage":"fr-FR"}]}},"_links":{"self":[{"href":"https:\/\/www.chaletsbaiedusud.com\/fr\/wp-json\/wp\/v2\/pages\/1241","targetHints":{"allow":["GET"]}}],"collection":[{"href":"https:\/\/www.chaletsbaiedusud.com\/fr\/wp-json\/wp\/v2\/pages"}],"about":[{"href":"https:\/\/www.chaletsbaiedusud.com\/fr\/wp-json\/wp\/v2\/types\/page"}],"author":[{"embeddable":true,"href":"https:\/\/www.chaletsbaiedusud.com\/fr\/wp-json\/wp\/v2\/users\/2"}],"replies":[{"embeddable":true,"href":"https:\/\/www.chaletsbaiedusud.com\/fr\/wp-json\/wp\/v2\/comments?post=1241"}],"version-history":[{"count":48,"href":"https:\/\/www.chaletsbaiedusud.com\/fr\/wp-json\/wp\/v2\/pages\/1241\/revisions"}],"predecessor-version":[{"id":1932,"href":"https:\/\/www.chaletsbaiedusud.com\/fr\/wp-json\/wp\/v2\/pages\/1241\/revisions\/1932"}],"wp:attachment":[{"href":"https:\/\/www.chaletsbaiedusud.com\/fr\/wp-json\/wp\/v2\/media?parent=1241"}],"curies":[{"name":"wp","href":"https:\/\/api.w.org\/{rel}","templated":true}]}}