{"id":1254,"date":"2018-06-13T16:26:53","date_gmt":"2018-06-13T14:26:53","guid":{"rendered":"http:\/\/www.chaletsbaiedusud.com\/?page_id=1254"},"modified":"2024-02-20T15:45:25","modified_gmt":"2024-02-20T20:45:25","slug":"plan-du-site","status":"publish","type":"page","link":"https:\/\/www.chaletsbaiedusud.com\/fr\/plan-du-site\/","title":{"rendered":"Plan du site"},"content":{"rendered":"<div class=\"list_sitemap\" style=\"flex-direction: row; flex-wrap: wrap; display: flex; justify-content: space-around; align-self: flex-start;\">\n<div style=\"flex-basis: 50%;\">\n<div class=\"wsp-container\"><h2 class=\"wsp-pages-title\">Pages<\/h2>\n<ul class=\"wsp-pages-list\">\n<li class=\"page_item page-item-1233\"><a href=\"https:\/\/www.chaletsbaiedusud.com\/fr\/\">Accueil<\/a><\/li>\n<li class=\"page_item page-item-2305\"><a href=\"https:\/\/www.chaletsbaiedusud.com\/fr\/avertissement\/\">Avertissement<\/a><\/li>\n<li class=\"page_item page-item-1241\"><a href=\"https:\/\/www.chaletsbaiedusud.com\/fr\/brochets\/\">Brochets<\/a><\/li>\n<li class=\"page_item page-item-1450\"><a href=\"https:\/\/www.chaletsbaiedusud.com\/fr\/chalets-pourvoirie-reservoir-gouin-chasse-et-peche\/\">Chalets &#8211; Pourvoirie R\u00e9servoir Gouin &#8211; Chasse et p\u00eache<\/a><\/li>\n<li class=\"page_item page-item-1461\"><a href=\"https:\/\/www.chaletsbaiedusud.com\/fr\/chasse-au-reservoir-gouin-ours-orignal-petits-gibiers\/\">Chasse au R\u00e9servoir Gouin &#8211; Ours &#8211; Orignal &#8211; Petits gibiers<\/a><\/li>\n<li class=\"page_item page-item-2306\"><a href=\"https:\/\/www.chaletsbaiedusud.com\/fr\/conditions-generales\/\">Conditions g\u00e9n\u00e9rales<\/a><\/li>\n<li class=\"page_item page-item-2304\"><a href=\"https:\/\/www.chaletsbaiedusud.com\/fr\/declaration-de-confidentialite\/\">D\u00e9claration de confidentialit\u00e9<\/a><\/li>\n<li class=\"page_item page-item-1439\"><a href=\"https:\/\/www.chaletsbaiedusud.com\/fr\/dores\/\">Dor\u00e9s<\/a><\/li>\n<li class=\"page_item page-item-1249\"><a href=\"https:\/\/www.chaletsbaiedusud.com\/fr\/galeries\/\">Galeries<\/a><\/li>\n<li class=\"page_item page-item-1671\"><a href=\"https:\/\/www.chaletsbaiedusud.com\/fr\/la-petite-histoire-du-reservoir-gouin\/\">La petite histoire du R\u00e9servoir Gouin<\/a><\/li>\n<li class=\"page_item page-item-1492\"><a href=\"https:\/\/www.chaletsbaiedusud.com\/fr\/peche-et-chasse-au-pourvoirie-reservoir-gouin-a-notre-sujet\/\">P\u00eache et chasse au Pourvoirie R\u00e9servoir Gouin &#8211; \u00c0 notre sujet<\/a><\/li>\n<li class=\"page_item page-item-1254\"><a href=\"https:\/\/www.chaletsbaiedusud.com\/fr\/plan-du-site\/\">Plan du site<\/a><\/li>\n<li class=\"page_item page-item-2303\"><a href=\"https:\/\/www.chaletsbaiedusud.com\/fr\/politique-de-cookies\/\">Politique de cookies<\/a><\/li>\n<li class=\"page_item page-item-1508\"><a href=\"https:\/\/www.chaletsbaiedusud.com\/fr\/pourvoirie-peche-au-dore-reservoir-gouin-quoi-apporter\/\">Pourvoirie p\u00eache au dor\u00e9 &#8211; R\u00e9servoir Gouin &#8211; Quoi apporter<\/a><\/li>\n<li class=\"page_item page-item-12\"><a href=\"https:\/\/www.chaletsbaiedusud.com\/fr\/pourvoirie-reservoir-gouin-coordonnees-des-chalets-baie-du-sud\/\">Pourvoirie R\u00e9servoir Gouin &#8211; Coordonn\u00e9es des Chalets Baie du Sud<\/a><\/li>\n<li class=\"page_item page-item-1480\"><a href=\"https:\/\/www.chaletsbaiedusud.com\/fr\/pourvoirie-reservoir-gouin-les-activites-chalets-baie-du-sud\/\">Pourvoirie R\u00e9servoir Gouin &#8211; Les activit\u00e9s &#8211; Chalets Baie du Sud<\/a><\/li>\n<li class=\"page_item page-item-1521\"><a href=\"https:\/\/www.chaletsbaiedusud.com\/fr\/tarification-reservoir-gouin-pourvoirie-chalets-baie-du-sud\/\">Tarification  R\u00e9servoir Gouin &#8211; Pourvoirie Chalets Baie du Sud<\/a><\/li>\n<li class=\"page_item page-item-1565\"><a href=\"https:\/\/www.chaletsbaiedusud.com\/fr\/voyage-de-peche-au-brochet-pourvoirie-au-quebec-canada\/\">Voyage de p\u00eache au brochet &#8211; Pourvoirie au Qu\u00e9bec &#8211; Canada<\/a><\/li>\n<\/ul>\n<\/div>\n<\/div>\n<div style=\"flex-basis: 50%;\">\n<div class=\"wsp-container\"><\/div>\n<\/div>\n<\/div>\n","protected":false},"excerpt":{"rendered":"","protected":false},"author":2,"featured_media":0,"parent":0,"menu_order":0,"comment_status":"closed","ping_status":"closed","template":"","meta":{"_monsterinsights_skip_tracking":false,"_monsterinsights_sitenote_active":false,"_monsterinsights_sitenote_note":"","_monsterinsights_sitenote_category":0,"footnotes":""},"class_list":["post-1254","page","type-page","status-publish","hentry"],"yoast_head":"<!-- This site is optimized with the Yoast SEO plugin v27.1.1 - https:\/\/yoast.com\/product\/yoast-seo-wordpress\/ -->\n<title>Plan du site - Chalets Baie du Sud<\/title>\n<meta name=\"robots\" content=\"index, follow, max-snippet:-1, max-image-preview:large, max-video-preview:-1\" \/>\n<link rel=\"canonical\" href=\"https:\/\/www.chaletsbaiedusud.com\/fr\/plan-du-site\/\" \/>\n<meta property=\"og:locale\" content=\"fr_FR\" \/>\n<meta property=\"og:type\" content=\"article\" \/>\n<meta property=\"og:title\" content=\"Plan du site - Chalets Baie du Sud\" \/>\n<meta property=\"og:url\" content=\"https:\/\/www.chaletsbaiedusud.com\/fr\/plan-du-site\/\" \/>\n<meta property=\"og:site_name\" content=\"Chalets Baie du Sud\" \/>\n<meta property=\"article:publisher\" content=\"https:\/\/www.facebook.com\/PourvoirieChaletsBaieduSud\/\" \/>\n<meta property=\"article:modified_time\" content=\"2024-02-20T20:45:25+00:00\" \/>\n<meta name=\"twitter:card\" content=\"summary_large_image\" \/>\n<script type=\"application\/ld+json\" class=\"yoast-schema-graph\">{\"@context\":\"https:\/\/schema.org\",\"@graph\":[{\"@type\":\"WebPage\",\"@id\":\"https:\/\/www.chaletsbaiedusud.com\/fr\/plan-du-site\/\",\"url\":\"https:\/\/www.chaletsbaiedusud.com\/fr\/plan-du-site\/\",\"name\":\"Plan du site - Chalets Baie du Sud\",\"isPartOf\":{\"@id\":\"https:\/\/www.chaletsbaiedusud.com\/fr\/#website\"},\"datePublished\":\"2018-06-13T14:26:53+00:00\",\"dateModified\":\"2024-02-20T20:45:25+00:00\",\"breadcrumb\":{\"@id\":\"https:\/\/www.chaletsbaiedusud.com\/fr\/plan-du-site\/#breadcrumb\"},\"inLanguage\":\"fr-FR\",\"potentialAction\":[{\"@type\":\"ReadAction\",\"target\":[\"https:\/\/www.chaletsbaiedusud.com\/fr\/plan-du-site\/\"]}]},{\"@type\":\"BreadcrumbList\",\"@id\":\"https:\/\/www.chaletsbaiedusud.com\/fr\/plan-du-site\/#breadcrumb\",\"itemListElement\":[{\"@type\":\"ListItem\",\"position\":1,\"name\":\"Accueil\",\"item\":\"https:\/\/www.chaletsbaiedusud.com\/fr\/\"},{\"@type\":\"ListItem\",\"position\":2,\"name\":\"Plan du site\"}]},{\"@type\":\"WebSite\",\"@id\":\"https:\/\/www.chaletsbaiedusud.com\/fr\/#website\",\"url\":\"https:\/\/www.chaletsbaiedusud.com\/fr\/\",\"name\":\"Chalets Baie du Sud\",\"description\":\"Le paradis du dor\u00e9 et du brochet !\",\"potentialAction\":[{\"@type\":\"SearchAction\",\"target\":{\"@type\":\"EntryPoint\",\"urlTemplate\":\"https:\/\/www.chaletsbaiedusud.com\/fr\/?s={search_term_string}\"},\"query-input\":{\"@type\":\"PropertyValueSpecification\",\"valueRequired\":true,\"valueName\":\"search_term_string\"}}],\"inLanguage\":\"fr-FR\"}]}<\/script>\n<!-- \/ Yoast SEO plugin. -->","yoast_head_json":{"title":"Plan du site - Chalets Baie du Sud","robots":{"index":"index","follow":"follow","max-snippet":"max-snippet:-1","max-image-preview":"max-image-preview:large","max-video-preview":"max-video-preview:-1"},"canonical":"https:\/\/www.chaletsbaiedusud.com\/fr\/plan-du-site\/","og_locale":"fr_FR","og_type":"article","og_title":"Plan du site - Chalets Baie du Sud","og_url":"https:\/\/www.chaletsbaiedusud.com\/fr\/plan-du-site\/","og_site_name":"Chalets Baie du Sud","article_publisher":"https:\/\/www.facebook.com\/PourvoirieChaletsBaieduSud\/","article_modified_time":"2024-02-20T20:45:25+00:00","twitter_card":"summary_large_image","schema":{"@context":"https:\/\/schema.org","@graph":[{"@type":"WebPage","@id":"https:\/\/www.chaletsbaiedusud.com\/fr\/plan-du-site\/","url":"https:\/\/www.chaletsbaiedusud.com\/fr\/plan-du-site\/","name":"Plan du site - Chalets Baie du Sud","isPartOf":{"@id":"https:\/\/www.chaletsbaiedusud.com\/fr\/#website"},"datePublished":"2018-06-13T14:26:53+00:00","dateModified":"2024-02-20T20:45:25+00:00","breadcrumb":{"@id":"https:\/\/www.chaletsbaiedusud.com\/fr\/plan-du-site\/#breadcrumb"},"inLanguage":"fr-FR","potentialAction":[{"@type":"ReadAction","target":["https:\/\/www.chaletsbaiedusud.com\/fr\/plan-du-site\/"]}]},{"@type":"BreadcrumbList","@id":"https:\/\/www.chaletsbaiedusud.com\/fr\/plan-du-site\/#breadcrumb","itemListElement":[{"@type":"ListItem","position":1,"name":"Accueil","item":"https:\/\/www.chaletsbaiedusud.com\/fr\/"},{"@type":"ListItem","position":2,"name":"Plan du site"}]},{"@type":"WebSite","@id":"https:\/\/www.chaletsbaiedusud.com\/fr\/#website","url":"https:\/\/www.chaletsbaiedusud.com\/fr\/","name":"Chalets Baie du Sud","description":"Le paradis du dor\u00e9 et du brochet !","potentialAction":[{"@type":"SearchAction","target":{"@type":"EntryPoint","urlTemplate":"https:\/\/www.chaletsbaiedusud.com\/fr\/?s={search_term_string}"},"query-input":{"@type":"PropertyValueSpecification","valueRequired":true,"valueName":"search_term_string"}}],"inLanguage":"fr-FR"}]}},"_links":{"self":[{"href":"https:\/\/www.chaletsbaiedusud.com\/fr\/wp-json\/wp\/v2\/pages\/1254","targetHints":{"allow":["GET"]}}],"collection":[{"href":"https:\/\/www.chaletsbaiedusud.com\/fr\/wp-json\/wp\/v2\/pages"}],"about":[{"href":"https:\/\/www.chaletsbaiedusud.com\/fr\/wp-json\/wp\/v2\/types\/page"}],"author":[{"embeddable":true,"href":"https:\/\/www.chaletsbaiedusud.com\/fr\/wp-json\/wp\/v2\/users\/2"}],"replies":[{"embeddable":true,"href":"https:\/\/www.chaletsbaiedusud.com\/fr\/wp-json\/wp\/v2\/comments?post=1254"}],"version-history":[{"count":2,"href":"https:\/\/www.chaletsbaiedusud.com\/fr\/wp-json\/wp\/v2\/pages\/1254\/revisions"}],"predecessor-version":[{"id":1742,"href":"https:\/\/www.chaletsbaiedusud.com\/fr\/wp-json\/wp\/v2\/pages\/1254\/revisions\/1742"}],"wp:attachment":[{"href":"https:\/\/www.chaletsbaiedusud.com\/fr\/wp-json\/wp\/v2\/media?parent=1254"}],"curies":[{"name":"wp","href":"https:\/\/api.w.org\/{rel}","templated":true}]}}