{"id":1508,"date":"2018-06-28T02:07:07","date_gmt":"2018-06-28T00:07:07","guid":{"rendered":"http:\/\/www.chaletsbaiedusud.com\/?page_id=1508"},"modified":"2026-03-04T09:54:06","modified_gmt":"2026-03-04T14:54:06","slug":"pourvoirie-peche-au-dore-reservoir-gouin-quoi-apporter","status":"publish","type":"page","link":"https:\/\/www.chaletsbaiedusud.com\/fr\/pourvoirie-peche-au-dore-reservoir-gouin-quoi-apporter\/","title":{"rendered":"Pourvoirie p\u00eache au dor\u00e9 &#8211; R\u00e9servoir Gouin &#8211; Quoi apporter"},"content":{"rendered":"<p><div class=\"fusion-fullwidth fullwidth-box fusion-builder-row-1 nonhundred-percent-fullwidth non-hundred-percent-height-scrolling fusion-equal-height-columns\" style=\"--awb-border-radius-top-left:0px;--awb-border-radius-top-right:0px;--awb-border-radius-bottom-right:0px;--awb-border-radius-bottom-left:0px;--awb-padding-top:50px;--awb-padding-bottom:0px;--awb-flex-wrap:wrap;\" ><div class=\"fusion-builder-row fusion-row\"><div class=\"fusion-layout-column fusion_builder_column fusion-builder-column-0 fusion_builder_column_1_1 1_1 fusion-one-full fusion-column-first fusion-column-last fusion-column-no-min-height\" style=\"--awb-bg-size:cover;\"><div class=\"fusion-column-wrapper fusion-flex-column-wrapper-legacy\"><div class=\"fusion-column-content-centered\"><div class=\"fusion-column-content\"><div class=\"fusion-text fusion-text-1\"><h1>Pour bien profiter de votre forfait p\u00eache aux dor\u00e9s et brochets ou pour votre chasse \u00e0 l\u2019ours, orignal ou petits gibiers<\/h1>\n<\/div><div class=\"fusion-text fusion-text-2\"><p>Tous les forfaits sont en plan europ\u00e9en. Vous devez apporter votre nourriture.<\/p>\n<h3>Ce qui est fourni<\/h3>\n<\/div><div class=\"fusion-builder-row fusion-builder-row-inner fusion-row\"><div class=\"fusion-layout-column fusion_builder_column_inner fusion-builder-nested-column-0 fusion_builder_column_inner_1_2 1_2 fusion-one-half fusion-column-first\" style=\"--awb-bg-size:cover;width:50%;width:calc(50% - ( ( 4% ) * 0.5 ) );margin-right: 4%;\"><div class=\"fusion-column-wrapper fusion-flex-column-wrapper-legacy\"><div class=\"fusion-text fusion-text-3\"><p style=\"text-align: left;\"><strong>La cuisine<\/strong><\/p>\n<ul>\n<li>Cuisini\u00e8re, incluant un four<\/li>\n<li>Chaudrons et po\u00eales<\/li>\n<li>Vaisselle et ustensiles<\/li>\n<li>Lavette<\/li>\n<li>Sacs de poubelle<\/li>\n<li>Liquide \u00e0 vaisselle<\/li>\n<li>Glace<\/li>\n<li>Percolateur<\/li>\n<\/ul>\n<\/div><div class=\"fusion-clearfix\"><\/div><\/div><\/div><div class=\"fusion-layout-column fusion_builder_column_inner fusion-builder-nested-column-1 fusion_builder_column_inner_1_2 1_2 fusion-one-half fusion-column-last\" style=\"--awb-bg-size:cover;width:50%;width:calc(50% - ( ( 4% ) * 0.5 ) );\"><div class=\"fusion-column-wrapper fusion-flex-column-wrapper-legacy\"><div class=\"fusion-text fusion-text-4\"><p><strong>La salle de bain<\/strong><\/p>\n<ul>\n<li>Douche \u00e0 l\u2019eau chaude<\/li>\n<li>Papier de toilette<\/li>\n<\/ul>\n<p><strong>La p\u00eache<\/strong><\/p>\n<ul>\n<li>Bateaux 16\u2032 en fibre ou aluminium avec moteur 20 HP 4 temps Mercury<\/li>\n<\/ul>\n<\/div><div class=\"fusion-clearfix\"><\/div><\/div><\/div><\/div><\/div><\/div><div class=\"fusion-clearfix\"><\/div><\/div><\/div><\/div><\/div><div class=\"fusion-fullwidth fullwidth-box fusion-builder-row-2 nonhundred-percent-fullwidth non-hundred-percent-height-scrolling\" style=\"--awb-border-radius-top-left:0px;--awb-border-radius-top-right:0px;--awb-border-radius-bottom-right:0px;--awb-border-radius-bottom-left:0px;--awb-padding-top:20px;--awb-background-color:#86a758;--awb-flex-wrap:wrap;\" ><div class=\"fusion-builder-row fusion-row\"><div class=\"fusion-layout-column fusion_builder_column fusion-builder-column-1 fusion_builder_column_1_1 1_1 fusion-one-full fusion-column-first fusion-column-last\" style=\"--awb-bg-size:cover;\"><div class=\"fusion-column-wrapper fusion-flex-column-wrapper-legacy\"><div class=\"fusion-text fusion-text-5\"><p style=\"text-align: center; font-size: 30px; color: #fff;\"><strong>Les dor\u00e9s et les brochets sont fournis. Vous n\u2019avez qu\u2019\u00e0 les attraper !<\/strong><\/p>\n<\/div><div class=\"fusion-clearfix\"><\/div><\/div><\/div><div class=\"fusion-layout-column fusion_builder_column fusion-builder-column-2 fusion_builder_column_1_3 1_3 fusion-one-third fusion-column-first\" style=\"--awb-bg-size:cover;width:33.333333333333%;width:calc(33.333333333333% - ( ( 4% + 4% ) * 0.33333333333333 ) );margin-right: 4%;\"><div class=\"fusion-column-wrapper fusion-flex-column-wrapper-legacy\"><div class=\"fusion-image-element in-legacy-container\" style=\"--awb-caption-title-font-family:var(--h2_typography-font-family);--awb-caption-title-font-weight:var(--h2_typography-font-weight);--awb-caption-title-font-style:var(--h2_typography-font-style);--awb-caption-title-size:var(--h2_typography-font-size);--awb-caption-title-transform:var(--h2_typography-text-transform);--awb-caption-title-line-height:var(--h2_typography-line-height);--awb-caption-title-letter-spacing:var(--h2_typography-letter-spacing);\"><span class=\" fusion-imageframe imageframe-none imageframe-1 hover-type-none\"><img loading=\"lazy\" decoding=\"async\" width=\"517\" height=\"388\" alt=\"pourvoirie p\u00eache dor\u00e8\" title=\"pourvoirie p\u00eache dor\u00e8\" src=\"https:\/\/www.chaletsbaiedusud.com\/wp-content\/uploads\/2018\/06\/pourvoirie_peche_dore.jpg\" class=\"img-responsive wp-image-1511\" srcset=\"https:\/\/www.chaletsbaiedusud.com\/wp-content\/uploads\/2018\/06\/pourvoirie_peche_dore-200x150.jpg 200w, https:\/\/www.chaletsbaiedusud.com\/wp-content\/uploads\/2018\/06\/pourvoirie_peche_dore-400x300.jpg 400w, https:\/\/www.chaletsbaiedusud.com\/wp-content\/uploads\/2018\/06\/pourvoirie_peche_dore.jpg 517w, https:\/\/www.chaletsbaiedusud.com\/wp-content\/uploads\/2018\/06\/pourvoirie_peche_dore.avif 517w\" sizes=\"auto, (max-width: 960px) 100vw, 400px\" \/><\/span><\/div><div class=\"fusion-clearfix\"><\/div><\/div><\/div><div class=\"fusion-layout-column fusion_builder_column fusion-builder-column-3 fusion_builder_column_1_3 1_3 fusion-one-third\" style=\"--awb-bg-size:cover;width:33.333333333333%;width:calc(33.333333333333% - ( ( 4% + 4% ) * 0.33333333333333 ) );margin-right: 4%;\"><div class=\"fusion-column-wrapper fusion-flex-column-wrapper-legacy\"><div class=\"fusion-image-element in-legacy-container\" style=\"--awb-caption-title-font-family:var(--h2_typography-font-family);--awb-caption-title-font-weight:var(--h2_typography-font-weight);--awb-caption-title-font-style:var(--h2_typography-font-style);--awb-caption-title-size:var(--h2_typography-font-size);--awb-caption-title-transform:var(--h2_typography-text-transform);--awb-caption-title-line-height:var(--h2_typography-line-height);--awb-caption-title-letter-spacing:var(--h2_typography-letter-spacing);\"><span class=\" fusion-imageframe imageframe-none imageframe-2 hover-type-none\"><img loading=\"lazy\" decoding=\"async\" width=\"517\" height=\"388\" title=\"chalets-baie-du-sud\" src=\"https:\/\/www.chaletsbaiedusud.com\/wp-content\/uploads\/2018\/06\/chalets-baie-du-sud.jpg\" alt class=\"img-responsive wp-image-1456\" srcset=\"https:\/\/www.chaletsbaiedusud.com\/wp-content\/uploads\/2018\/06\/chalets-baie-du-sud-200x150.jpg 200w, https:\/\/www.chaletsbaiedusud.com\/wp-content\/uploads\/2018\/06\/chalets-baie-du-sud-400x300.jpg 400w, https:\/\/www.chaletsbaiedusud.com\/wp-content\/uploads\/2018\/06\/chalets-baie-du-sud.jpg 517w, https:\/\/www.chaletsbaiedusud.com\/wp-content\/uploads\/2018\/06\/chalets-baie-du-sud.avif 517w\" sizes=\"auto, (max-width: 960px) 100vw, 400px\" \/><\/span><\/div><div class=\"fusion-clearfix\"><\/div><\/div><\/div><div class=\"fusion-layout-column fusion_builder_column fusion-builder-column-4 fusion_builder_column_1_3 1_3 fusion-one-third fusion-column-last\" style=\"--awb-bg-size:cover;width:33.333333333333%;width:calc(33.333333333333% - ( ( 4% + 4% ) * 0.33333333333333 ) );\"><div class=\"fusion-column-wrapper fusion-flex-column-wrapper-legacy\"><div class=\"fusion-image-element in-legacy-container\" style=\"--awb-caption-title-font-family:var(--h2_typography-font-family);--awb-caption-title-font-weight:var(--h2_typography-font-weight);--awb-caption-title-font-style:var(--h2_typography-font-style);--awb-caption-title-size:var(--h2_typography-font-size);--awb-caption-title-transform:var(--h2_typography-text-transform);--awb-caption-title-line-height:var(--h2_typography-line-height);--awb-caption-title-letter-spacing:var(--h2_typography-letter-spacing);\"><span class=\" fusion-imageframe imageframe-none imageframe-3 hover-type-none\"><img loading=\"lazy\" decoding=\"async\" width=\"517\" height=\"388\" title=\"pourvoirie_peche_dore-1\" src=\"https:\/\/www.chaletsbaiedusud.com\/wp-content\/uploads\/2018\/06\/pourvoirie_peche_dore-1.jpg\" alt class=\"img-responsive wp-image-1512\" srcset=\"https:\/\/www.chaletsbaiedusud.com\/wp-content\/uploads\/2018\/06\/pourvoirie_peche_dore-1-200x150.jpg 200w, https:\/\/www.chaletsbaiedusud.com\/wp-content\/uploads\/2018\/06\/pourvoirie_peche_dore-1-400x300.jpg 400w, https:\/\/www.chaletsbaiedusud.com\/wp-content\/uploads\/2018\/06\/pourvoirie_peche_dore-1.jpg 517w, https:\/\/www.chaletsbaiedusud.com\/wp-content\/uploads\/2018\/06\/pourvoirie_peche_dore-1.avif 517w\" sizes=\"auto, (max-width: 960px) 100vw, 400px\" \/><\/span><\/div><div class=\"fusion-clearfix\"><\/div><\/div><\/div><\/div><\/div><div class=\"fusion-fullwidth fullwidth-box fusion-builder-row-3 nonhundred-percent-fullwidth non-hundred-percent-height-scrolling fusion-equal-height-columns\" style=\"--awb-border-radius-top-left:0px;--awb-border-radius-top-right:0px;--awb-border-radius-bottom-right:0px;--awb-border-radius-bottom-left:0px;--awb-padding-top:50px;--awb-padding-bottom:0px;--awb-flex-wrap:wrap;\" ><div class=\"fusion-builder-row fusion-row\"><div class=\"fusion-layout-column fusion_builder_column fusion-builder-column-5 fusion_builder_column_1_1 1_1 fusion-one-full fusion-column-first fusion-column-last fusion-column-no-min-height\" style=\"--awb-bg-size:cover;\"><div class=\"fusion-column-wrapper fusion-flex-column-wrapper-legacy\"><div class=\"fusion-column-content-centered\"><div class=\"fusion-column-content\"><div class=\"fusion-text fusion-text-6\"><h3>Ce qui n\u2019est pas fourni<\/h3>\n<\/div><div class=\"fusion-builder-row fusion-builder-row-inner fusion-row\"><div class=\"fusion-layout-column fusion_builder_column_inner fusion-builder-nested-column-2 fusion_builder_column_inner_1_2 1_2 fusion-one-half fusion-column-first\" style=\"--awb-bg-size:cover;width:50%;width:calc(50% - ( ( 4% ) * 0.5 ) );margin-right: 4%;\"><div class=\"fusion-column-wrapper fusion-flex-column-wrapper-legacy\"><div class=\"fusion-text fusion-text-7\"><p style=\"text-align: left;\"><strong>La cuisine<\/strong><\/p>\n<ul>\n<li>Nourriture<\/li>\n<li>Tous les breuvages, incluant l\u2019eau potable<\/li>\n<li>Linge \u00e0 vaisselle<\/li>\n<li>Sacs de cong\u00e9lation<\/li>\n<\/ul>\n<p style=\"text-align: left;\"><strong>Les chambres<\/strong><\/p>\n<ul>\n<li>Sac de couchage<\/li>\n<li>Oreillers<\/li>\n<\/ul>\n<p style=\"text-align: left;\"><strong>La salle de bain<\/strong><\/p>\n<ul>\n<li>Serviettes<\/li>\n<li>Savons et shampoing<\/li>\n<\/ul>\n<\/div><div class=\"fusion-clearfix\"><\/div><\/div><\/div><div class=\"fusion-layout-column fusion_builder_column_inner fusion-builder-nested-column-3 fusion_builder_column_inner_1_2 1_2 fusion-one-half fusion-column-last\" style=\"--awb-bg-size:cover;width:50%;width:calc(50% - ( ( 4% ) * 0.5 ) );\"><div class=\"fusion-column-wrapper fusion-flex-column-wrapper-legacy\"><div class=\"fusion-text fusion-text-8\"><p style=\"text-align: left;\" align=\"center\"><b>La p\u00eache<\/b><\/p>\n<ul>\n<li>Tout votre \u00e9quipement<\/li>\n<li>Sonar<\/li>\n<li>Vestes de sauvetage<\/li>\n<li>App\u00e2ts vivants&nbsp;: vers et sangsues<\/li>\n<li>Grande \u00e9puisette. Les brochets peuvent atteindre une taille consid\u00e9rable<\/li>\n<li>Un sonar augmente consid\u00e9rablement vos chances de succ\u00e8s aux dor\u00e9s<\/li>\n<\/ul>\n<\/div><div class=\"fusion-clearfix\"><\/div><\/div><\/div><\/div><\/div><\/div><div class=\"fusion-clearfix\"><\/div><\/div><\/div><\/div><\/div><div class=\"fusion-fullwidth fullwidth-box fusion-builder-row-4 nonhundred-percent-fullwidth non-hundred-percent-height-scrolling\" style=\"--awb-border-radius-top-left:0px;--awb-border-radius-top-right:0px;--awb-border-radius-bottom-right:0px;--awb-border-radius-bottom-left:0px;--awb-padding-top:20px;--awb-background-color:#86a758;--awb-flex-wrap:wrap;\" ><div class=\"fusion-builder-row fusion-row\"><div class=\"fusion-layout-column fusion_builder_column fusion-builder-column-6 fusion_builder_column_1_1 1_1 fusion-one-full fusion-column-first fusion-column-last\" style=\"--awb-bg-size:cover;\"><div class=\"fusion-column-wrapper fusion-flex-column-wrapper-legacy\"><div class=\"fusion-text fusion-text-9\"><p style=\"text-align: center; font-size: 30px; color: #fff;\"><strong>N\u2019oubliez pas vos recettes de dor\u00e9s et brochets<\/strong><\/p>\n<\/div><div class=\"fusion-clearfix\"><\/div><\/div><\/div><\/div><\/div><div class=\"fusion-fullwidth fullwidth-box fusion-builder-row-5 nonhundred-percent-fullwidth non-hundred-percent-height-scrolling fusion-equal-height-columns\" style=\"--awb-border-radius-top-left:0px;--awb-border-radius-top-right:0px;--awb-border-radius-bottom-right:0px;--awb-border-radius-bottom-left:0px;--awb-padding-top:50px;--awb-padding-bottom:0px;--awb-flex-wrap:wrap;\" ><div class=\"fusion-builder-row fusion-row\"><div class=\"fusion-layout-column fusion_builder_column fusion-builder-column-7 fusion_builder_column_1_1 1_1 fusion-one-full fusion-column-first fusion-column-last fusion-column-no-min-height\" style=\"--awb-bg-size:cover;\"><div class=\"fusion-column-wrapper fusion-flex-column-wrapper-legacy\"><div class=\"fusion-column-content-centered\"><div class=\"fusion-column-content\"><div class=\"fusion-text fusion-text-10\"><h3>Ce que nous vous conseillons d\u2019apporter<\/h3>\n<\/div><div class=\"fusion-builder-row fusion-builder-row-inner fusion-row\"><div class=\"fusion-layout-column fusion_builder_column_inner fusion-builder-nested-column-4 fusion_builder_column_inner_1_2 1_2 fusion-one-half fusion-column-first\" style=\"--awb-bg-size:cover;width:50%;width:calc(50% - ( ( 4% ) * 0.5 ) );margin-right: 4%;\"><div class=\"fusion-column-wrapper fusion-flex-column-wrapper-legacy\"><div class=\"fusion-text fusion-text-11\"><ul>\n<li>V\u00eatements pour toutes temp\u00e9ratures<\/li>\n<li>Imperm\u00e9able et bottes<\/li>\n<li>Casquette<\/li>\n<li>Cr\u00e8me solaire<\/li>\n<li>Insecticide<\/li>\n<li>Ligne \u00e0 p\u00eache suppl\u00e9mentaire<\/li>\n<li>Chargeur pour vos batteries<\/li>\n<li>GPS. Le R\u00e9servoir Gouin est une v\u00e9ritable mer int\u00e9rieure.<\/li>\n<\/ul>\n<\/div><div class=\"fusion-clearfix\"><\/div><\/div><\/div><div class=\"fusion-layout-column fusion_builder_column_inner fusion-builder-nested-column-5 fusion_builder_column_inner_1_2 1_2 fusion-one-half fusion-column-last\" style=\"--awb-bg-size:cover;width:50%;width:calc(50% - ( ( 4% ) * 0.5 ) );\"><div class=\"fusion-column-wrapper fusion-flex-column-wrapper-legacy\"><div class=\"fusion-text fusion-text-12\"><ul>\n<li>Chandelles<\/li>\n<li>Glaci\u00e8re<\/li>\n<li>Lampe de poche<\/li>\n<li>Couteau \u00e0 fileter<\/li>\n<li>Tablette<\/li>\n<li>T\u00e9l\u00e9phone intelligent<\/li>\n<\/ul>\n<\/div><div class=\"fusion-clearfix\"><\/div><\/div><\/div><\/div><div class=\"fusion-text fusion-text-13\"><p><strong>Un r\u00e9seau Wifi est disponible et gratuit. Transmettez vos photos de p\u00eache la journ\u00e9e m\u00eame !<\/strong><\/p>\n<h3>Disponible sur place<\/h3>\n<ul>\n<li>Droits de p\u00eache pour le R\u00e9servoir Gouin**<\/li>\n<li>Essence<\/li>\n<li>Leurres et dandinettes en quantit\u00e9 limit\u00e9e<\/li>\n<li>Fil \u00e0 p\u00eache<\/li>\n<li>Location d\u2019ensemble de p\u00eache\u00a0: canne, moulinet, coffre et \u00e9puisette<\/li>\n<\/ul>\n<p>**les permis de chasse et p\u00eache ne sont PAS disponibles \u00e0 la pourvoirie<\/p>\n<\/div><\/div><\/div><div class=\"fusion-clearfix\"><\/div><\/div><\/div><\/div><\/div><div class=\"fusion-fullwidth fullwidth-box fusion-builder-row-6 fusion-parallax-none hundred-percent-fullwidth non-hundred-percent-height-scrolling\" style=\"--awb-border-radius-top-left:0px;--awb-border-radius-top-right:0px;--awb-border-radius-bottom-right:0px;--awb-border-radius-bottom-left:0px;--awb-padding-top:160px;--awb-padding-bottom:30px;--awb-background-image:url(&quot;https:\/\/www.chaletsbaiedusud.com\/wp-content\/uploads\/2018\/06\/reservoir-Gouin.jpg&quot;);--awb-background-size:cover;--awb-flex-wrap:wrap;\" ><div class=\"fusion-builder-row fusion-row\"><div class=\"fusion-layout-column fusion_builder_column fusion-builder-column-8 fusion_builder_column_1_1 1_1 fusion-one-full fusion-column-first fusion-column-last\" style=\"--awb-padding-right:13%;--awb-padding-left:13%;--awb-bg-size:cover;\"><div class=\"fusion-column-wrapper fusion-flex-column-wrapper-legacy\"><div class=\"fusion-text fusion-text-14\"><h2 style=\"text-align: center; color: #fff; font-size: 70px; line-height: 1;\">R\u00e9servez d\u00e8s maintenant<\/h2>\n<\/div><div class=\"fusion-aligncenter\"><a class=\"fusion-button button-flat button-xlarge button-custom fusion-button-default button-1 fusion-button-default-span fusion-button-default-type\" style=\"--button_accent_color:#ffffff;--button_accent_hover_color:#000000;--button_border_hover_color:#000000;--button_gradient_top_color:#414572;--button_gradient_bottom_color:#414572;--button_gradient_top_color_hover:#ffffff;--button_gradient_bottom_color_hover:#ffffff;\" target=\"_self\" href=\"https:\/\/www.chaletsbaiedusud.com\/contact\/\"><span class=\"fusion-button-text awb-button__text awb-button__text--default\">Contactez-nous !<\/span><\/a><\/div><div class=\"fusion-clearfix\"><\/div><\/div><\/div><\/div><\/div><\/p>\n","protected":false},"excerpt":{"rendered":"","protected":false},"author":2,"featured_media":0,"parent":0,"menu_order":0,"comment_status":"closed","ping_status":"closed","template":"100-width.php","meta":{"_monsterinsights_skip_tracking":false,"_monsterinsights_sitenote_active":false,"_monsterinsights_sitenote_note":"","_monsterinsights_sitenote_category":0,"footnotes":""},"class_list":["post-1508","page","type-page","status-publish","hentry"],"yoast_head":"<!-- This site is optimized with the Yoast SEO plugin v27.1.1 - https:\/\/yoast.com\/product\/yoast-seo-wordpress\/ -->\n<title>Pourvoirie p\u00eache au dor\u00e9 - R\u00e9servoir Gouin - Quoi apporter<\/title>\n<meta name=\"description\" content=\"Votre forfait en plan europ\u00e9en \u00e0 la pourvoirie Chalets Baie du Sud, nous fournissons chaloupes de 18 pi et moteur 20 hp, voici ce que vous devez apporter.\" \/>\n<meta name=\"robots\" content=\"index, follow, max-snippet:-1, max-image-preview:large, max-video-preview:-1\" \/>\n<link rel=\"canonical\" href=\"https:\/\/www.chaletsbaiedusud.com\/fr\/pourvoirie-peche-au-dore-reservoir-gouin-quoi-apporter\/\" \/>\n<meta property=\"og:locale\" content=\"fr_FR\" \/>\n<meta property=\"og:type\" content=\"article\" \/>\n<meta property=\"og:title\" content=\"Pourvoirie p\u00eache au dor\u00e9 - R\u00e9servoir Gouin - Quoi apporter\" \/>\n<meta property=\"og:description\" content=\"Votre forfait en plan europ\u00e9en \u00e0 la pourvoirie Chalets Baie du Sud, nous fournissons chaloupes de 18 pi et moteur 20 hp, voici ce que vous devez apporter.\" \/>\n<meta property=\"og:url\" content=\"https:\/\/www.chaletsbaiedusud.com\/fr\/pourvoirie-peche-au-dore-reservoir-gouin-quoi-apporter\/\" \/>\n<meta property=\"og:site_name\" content=\"Chalets Baie du Sud\" \/>\n<meta property=\"article:publisher\" content=\"https:\/\/www.facebook.com\/PourvoirieChaletsBaieduSud\/\" \/>\n<meta property=\"article:modified_time\" content=\"2026-03-04T14:54:06+00:00\" \/>\n<meta name=\"twitter:card\" content=\"summary_large_image\" \/>\n<meta name=\"twitter:label1\" content=\"Dur\u00e9e de lecture estim\u00e9e\" \/>\n\t<meta name=\"twitter:data1\" content=\"10 minutes\" \/>\n<script type=\"application\/ld+json\" class=\"yoast-schema-graph\">{\"@context\":\"https:\/\/schema.org\",\"@graph\":[{\"@type\":\"WebPage\",\"@id\":\"https:\/\/www.chaletsbaiedusud.com\/fr\/pourvoirie-peche-au-dore-reservoir-gouin-quoi-apporter\/\",\"url\":\"https:\/\/www.chaletsbaiedusud.com\/fr\/pourvoirie-peche-au-dore-reservoir-gouin-quoi-apporter\/\",\"name\":\"Pourvoirie p\u00eache au dor\u00e9 - R\u00e9servoir Gouin - Quoi apporter\",\"isPartOf\":{\"@id\":\"https:\/\/www.chaletsbaiedusud.com\/fr\/#website\"},\"datePublished\":\"2018-06-28T00:07:07+00:00\",\"dateModified\":\"2026-03-04T14:54:06+00:00\",\"description\":\"Votre forfait en plan europ\u00e9en \u00e0 la pourvoirie Chalets Baie du Sud, nous fournissons chaloupes de 18 pi et moteur 20 hp, voici ce que vous devez apporter.\",\"breadcrumb\":{\"@id\":\"https:\/\/www.chaletsbaiedusud.com\/fr\/pourvoirie-peche-au-dore-reservoir-gouin-quoi-apporter\/#breadcrumb\"},\"inLanguage\":\"fr-FR\",\"potentialAction\":[{\"@type\":\"ReadAction\",\"target\":[\"https:\/\/www.chaletsbaiedusud.com\/fr\/pourvoirie-peche-au-dore-reservoir-gouin-quoi-apporter\/\"]}]},{\"@type\":\"BreadcrumbList\",\"@id\":\"https:\/\/www.chaletsbaiedusud.com\/fr\/pourvoirie-peche-au-dore-reservoir-gouin-quoi-apporter\/#breadcrumb\",\"itemListElement\":[{\"@type\":\"ListItem\",\"position\":1,\"name\":\"Accueil\",\"item\":\"https:\/\/www.chaletsbaiedusud.com\/fr\/\"},{\"@type\":\"ListItem\",\"position\":2,\"name\":\"Pourvoirie p\u00eache au dor\u00e9 &#8211; R\u00e9servoir Gouin &#8211; Quoi apporter\"}]},{\"@type\":\"WebSite\",\"@id\":\"https:\/\/www.chaletsbaiedusud.com\/fr\/#website\",\"url\":\"https:\/\/www.chaletsbaiedusud.com\/fr\/\",\"name\":\"Chalets Baie du Sud\",\"description\":\"Le paradis du dor\u00e9 et du brochet !\",\"potentialAction\":[{\"@type\":\"SearchAction\",\"target\":{\"@type\":\"EntryPoint\",\"urlTemplate\":\"https:\/\/www.chaletsbaiedusud.com\/fr\/?s={search_term_string}\"},\"query-input\":{\"@type\":\"PropertyValueSpecification\",\"valueRequired\":true,\"valueName\":\"search_term_string\"}}],\"inLanguage\":\"fr-FR\"}]}<\/script>\n<!-- \/ Yoast SEO plugin. -->","yoast_head_json":{"title":"Pourvoirie p\u00eache au dor\u00e9 - R\u00e9servoir Gouin - Quoi apporter","description":"Votre forfait en plan europ\u00e9en \u00e0 la pourvoirie Chalets Baie du Sud, nous fournissons chaloupes de 18 pi et moteur 20 hp, voici ce que vous devez apporter.","robots":{"index":"index","follow":"follow","max-snippet":"max-snippet:-1","max-image-preview":"max-image-preview:large","max-video-preview":"max-video-preview:-1"},"canonical":"https:\/\/www.chaletsbaiedusud.com\/fr\/pourvoirie-peche-au-dore-reservoir-gouin-quoi-apporter\/","og_locale":"fr_FR","og_type":"article","og_title":"Pourvoirie p\u00eache au dor\u00e9 - R\u00e9servoir Gouin - Quoi apporter","og_description":"Votre forfait en plan europ\u00e9en \u00e0 la pourvoirie Chalets Baie du Sud, nous fournissons chaloupes de 18 pi et moteur 20 hp, voici ce que vous devez apporter.","og_url":"https:\/\/www.chaletsbaiedusud.com\/fr\/pourvoirie-peche-au-dore-reservoir-gouin-quoi-apporter\/","og_site_name":"Chalets Baie du Sud","article_publisher":"https:\/\/www.facebook.com\/PourvoirieChaletsBaieduSud\/","article_modified_time":"2026-03-04T14:54:06+00:00","twitter_card":"summary_large_image","twitter_misc":{"Dur\u00e9e de lecture estim\u00e9e":"10 minutes"},"schema":{"@context":"https:\/\/schema.org","@graph":[{"@type":"WebPage","@id":"https:\/\/www.chaletsbaiedusud.com\/fr\/pourvoirie-peche-au-dore-reservoir-gouin-quoi-apporter\/","url":"https:\/\/www.chaletsbaiedusud.com\/fr\/pourvoirie-peche-au-dore-reservoir-gouin-quoi-apporter\/","name":"Pourvoirie p\u00eache au dor\u00e9 - R\u00e9servoir Gouin - Quoi apporter","isPartOf":{"@id":"https:\/\/www.chaletsbaiedusud.com\/fr\/#website"},"datePublished":"2018-06-28T00:07:07+00:00","dateModified":"2026-03-04T14:54:06+00:00","description":"Votre forfait en plan europ\u00e9en \u00e0 la pourvoirie Chalets Baie du Sud, nous fournissons chaloupes de 18 pi et moteur 20 hp, voici ce que vous devez apporter.","breadcrumb":{"@id":"https:\/\/www.chaletsbaiedusud.com\/fr\/pourvoirie-peche-au-dore-reservoir-gouin-quoi-apporter\/#breadcrumb"},"inLanguage":"fr-FR","potentialAction":[{"@type":"ReadAction","target":["https:\/\/www.chaletsbaiedusud.com\/fr\/pourvoirie-peche-au-dore-reservoir-gouin-quoi-apporter\/"]}]},{"@type":"BreadcrumbList","@id":"https:\/\/www.chaletsbaiedusud.com\/fr\/pourvoirie-peche-au-dore-reservoir-gouin-quoi-apporter\/#breadcrumb","itemListElement":[{"@type":"ListItem","position":1,"name":"Accueil","item":"https:\/\/www.chaletsbaiedusud.com\/fr\/"},{"@type":"ListItem","position":2,"name":"Pourvoirie p\u00eache au dor\u00e9 &#8211; R\u00e9servoir Gouin &#8211; Quoi apporter"}]},{"@type":"WebSite","@id":"https:\/\/www.chaletsbaiedusud.com\/fr\/#website","url":"https:\/\/www.chaletsbaiedusud.com\/fr\/","name":"Chalets Baie du Sud","description":"Le paradis du dor\u00e9 et du brochet !","potentialAction":[{"@type":"SearchAction","target":{"@type":"EntryPoint","urlTemplate":"https:\/\/www.chaletsbaiedusud.com\/fr\/?s={search_term_string}"},"query-input":{"@type":"PropertyValueSpecification","valueRequired":true,"valueName":"search_term_string"}}],"inLanguage":"fr-FR"}]}},"_links":{"self":[{"href":"https:\/\/www.chaletsbaiedusud.com\/fr\/wp-json\/wp\/v2\/pages\/1508","targetHints":{"allow":["GET"]}}],"collection":[{"href":"https:\/\/www.chaletsbaiedusud.com\/fr\/wp-json\/wp\/v2\/pages"}],"about":[{"href":"https:\/\/www.chaletsbaiedusud.com\/fr\/wp-json\/wp\/v2\/types\/page"}],"author":[{"embeddable":true,"href":"https:\/\/www.chaletsbaiedusud.com\/fr\/wp-json\/wp\/v2\/users\/2"}],"replies":[{"embeddable":true,"href":"https:\/\/www.chaletsbaiedusud.com\/fr\/wp-json\/wp\/v2\/comments?post=1508"}],"version-history":[{"count":12,"href":"https:\/\/www.chaletsbaiedusud.com\/fr\/wp-json\/wp\/v2\/pages\/1508\/revisions"}],"predecessor-version":[{"id":2383,"href":"https:\/\/www.chaletsbaiedusud.com\/fr\/wp-json\/wp\/v2\/pages\/1508\/revisions\/2383"}],"wp:attachment":[{"href":"https:\/\/www.chaletsbaiedusud.com\/fr\/wp-json\/wp\/v2\/media?parent=1508"}],"curies":[{"name":"wp","href":"https:\/\/api.w.org\/{rel}","templated":true}]}}